{"id":111,"date":"2016-02-21T16:19:54","date_gmt":"2016-02-21T20:19:54","guid":{"rendered":"http:\/\/wordpress.uprm.edu\/caribewave\/?page_id=111"},"modified":"2026-03-19T01:58:51","modified_gmt":"2026-03-19T01:58:51","slug":"que-es-el-ejercicio-caribewave","status":"publish","type":"page","link":"https:\/\/caribewave.uprm.edu\/index.php\/puerto-rico\/que-es-el-ejercicio-caribewave\/","title":{"rendered":"\u00bfQu\u00e9 es el Ejercicio CARIBEWAVE?"},"content":{"rendered":"<div class=\"wpb-content-wrapper\"><p>[vc_row][vc_column][vc_column_text]<\/p>\n<h2 style=\"text-align: justify;\"><strong>\u00bfQu\u00e9 es el Ejercicio CARIBE WAVE<\/strong><strong>?<\/strong><\/h2>\n<p>&nbsp;<\/p>\n<p>El Ejercicio <strong>CARIBE WAVE<\/strong> (<em>Caribbean Tsunami Warning Excercise<\/em>) es un ejercicio de tsunami (maremoto) que se realiza anualmente en el Caribe, incluyendo a Puerto Rico y las Islas V\u00edrgenes, bajo la direcci\u00f3n de la UNESCO y del Centro de Alerta de Tsunamis del Pac\u00edfico (PTWC).\u00a0 Desde el a\u00f1o 2016 este ejercicio se lleva a cabo anualmente bajo el nombre de Ejercicio <strong>CARIBE WAVE <\/strong>(<em>Caribbean Tsunami Warning Excercise<\/em>). \u00a0En Puerto Rico se celebra un ejercicio regional anual de tsunamis desde el 2009. Hasta el 2013 el ejercicio se celebr\u00f3 bajo el nombre de <strong>LANTEX<\/strong> (<em>Large AtlaNtic Tsunami EXercise<\/em>) y en los a\u00f1os 2012, 2014 y 2015 bajo el nombre de <strong>Ejercicio Conjunto CARIBE WAVE\/LANTEX<\/strong> (<em>Caribbean and Northwestern Atlantic Tsunami Exercise<\/em>). \u00a0El 2018 marc\u00f3 la d\u00e9cada de realizaci\u00f3n de ejercicios de tsunami en Puerto Rico, bajo el liderazgo de la <strong>Red S\u00edsmica de Puerto Rico<\/strong>, en coordinaci\u00f3n con los Centros de Alerta de Tsunamis de la NOAA, el Negociado de Manejo de Emergencias y Administraci\u00f3n de Desastres de Puerto Rico (NMEAD, antes AEMEAD), el Servicio Nacional de Meteorolog\u00eda Oficinas de Pron\u00f3sticos de San Juan (NWS-NOAA), Federal Emergency Management Agency (FEMA), Comit\u00e9 EAS de Puerto Rico y la Asociaci\u00f3n de Radiodifusores de Puerto Rico, entre otros.<\/p>\n<p>El <strong>prop\u00f3sito del ejercicio CARIBE WAVE<\/strong> es mejorar la eficacia del Sistema de Alerta de Tsunami a lo largo de las costas del Caribe.\u00a0 El ejercicio brinda una oportunidad para que las organizaciones de manejo de emergencias de toda la regi\u00f3n prueben sus l\u00edneas de comunicaciones operacionales, sus procedimientos de respuesta a tsunamis, y promuevan la preparaci\u00f3n ante un tsunami de toda la comunidad. \u00a0Realizar ejercicios o simulacros que prueben los planes de respuesta de forma regular es fundamental para mantener una preparaci\u00f3n adecuada ante las emergencias. \u00a0Esto es particularmente cierto para el Caribe, en donde los tsunamis son poco frecuentes, pero pueden tener muy alto impacto.\u00a0 Se invita a todas las organizaciones de manejo de emergencias (EMO) a participar en este ejercicio.<\/p>\n<p>El ejercicio <strong>CARIBE WAVE<\/strong> tiene como objetivo probar y evaluar las operaciones del sistema de Alerta de Tsunamis del Caribe (Caribe EWS), validar la preparaci\u00f3n en la respuesta ante tsunamis (entre los que se encuentran la prueba de los protocolos y sistemas de comunicaciones entre los centros de alerta de tsunamis y los puntos focales de alerta de tsunami), y la utilizaci\u00f3n de los productos del PTWC (Centro de Alerta de Tsunamis del Pac\u00edfico) para el Caribe, as\u00ed como ayudar en los esfuerzos de preparaci\u00f3n ante \u00a0los tsunamis de las agencias de manejo de emergencias caribe\u00f1as.<\/p>\n<p>En la <strong>Regi\u00f3n de Puerto Rico y las Islas V\u00edrgenes<\/strong> este ejercicio se celebra bajo el liderazgo de la Red S\u00edsmica de Puerto Rico (RSPR) y ha contado a\u00f1o tras a\u00f1o con la participaci\u00f3n de todas las agencias de emergencia dentro de nuestra \u00e1rea de responsabilidad. El ejercicio CARIBE WAVE se desarrolla bajo el marco del programa de tsunamis del <em>Intergovernmental Coordination Group for Tsunami and Other Coastal Hazards Warning System for the Caribbean and Adjacent Regions<\/em> (ICG\/CARIBE EWS) del Comisi\u00f3n Oceanogr\u00e1fica Intergubernamental (<em>Intergovernmental Oceanographic Commission<\/em>, IOC) de la UNESCO (<em>United Nations Educational, Scientific, and Cultural Organization<\/em>), de la NOAA en los Estados Unidos (<em>National Oceanic and Atmospheric Administration<\/em>), y de otras agencias de emergencias de la Regi\u00f3n del Caribe (como CEPREDENAC, CDEMA, and EMIZA).[\/vc_column_text][vc_column_text][\/vc_column_text][vc_single_image image=&#8221;5331&#8243; img_size=&#8221;large&#8221; alignment=&#8221;center&#8221; style=&#8221;vc_box_shadow_border&#8221;][vc_column_text]<\/p>\n<h6><b>Mapa mostrando los epicentros de los escenarios utilizados en lso ejercicios de comunicaciones de la Regi\u00f3n de Puerto Rico e Islas V\u00edrgenes<\/b> (estrellas amarillas). En rosado el epicentro del ejercicio del a\u00f1o en curso. (Cr\u00e9ditos: RSPR-UPRM)<\/h6>\n<p>[\/vc_column_text][vc_row_inner][vc_column_inner][vc_column_text]<strong>Para m\u00e1s informaci\u00f3n del ejercicio regional CARIBE WAVE 2026<\/strong> favor de referirse al Manual Oficial del Participante:<\/p>\n<p>IOC-UNESCO. 2026. Exercise CARIBE WAVE 26. A Caribbean and Adjacent Region Tsunami Warning Exercise, 19 March 2026 (Cayman Islands and Kick \u2018em Jenny Scenarios). Volume 1: Participant\u2019s Handbook. IOC Technical Series No. 198, Vol. 1. Paris: UNESCO (English only)[\/vc_column_text][\/vc_column_inner][\/vc_row_inner][\/vc_column][\/vc_row]<\/p>\n<\/div>","protected":false},"excerpt":{"rendered":"<p>[vc_row][vc_column][vc_column_text] \u00bfQu\u00e9 es el Ejercicio CARIBE WAVE? &nbsp; El Ejercicio CARIBE WAVE (Caribbean Tsunami Warning Excercise) es un ejercicio de tsunami (maremoto) que se realiza anualmente en el Caribe, incluyendo a Puerto Rico y las Islas V\u00edrgenes, bajo la direcci\u00f3n de la UNESCO y del Centro de Alerta de Tsunamis del Pac\u00edfico (PTWC).\u00a0 Desde el&hellip;<\/p>\n","protected":false},"author":1,"featured_media":0,"parent":59,"menu_order":0,"comment_status":"closed","ping_status":"closed","template":"","meta":{"footnotes":""},"class_list":["post-111","page","type-page","status-publish","hentry","description-off"],"_links":{"self":[{"href":"https:\/\/caribewave.uprm.edu\/index.php\/wp-json\/wp\/v2\/pages\/111","targetHints":{"allow":["GET"]}}],"collection":[{"href":"https:\/\/caribewave.uprm.edu\/index.php\/wp-json\/wp\/v2\/pages"}],"about":[{"href":"https:\/\/caribewave.uprm.edu\/index.php\/wp-json\/wp\/v2\/types\/page"}],"author":[{"embeddable":true,"href":"https:\/\/caribewave.uprm.edu\/index.php\/wp-json\/wp\/v2\/users\/1"}],"replies":[{"embeddable":true,"href":"https:\/\/caribewave.uprm.edu\/index.php\/wp-json\/wp\/v2\/comments?post=111"}],"version-history":[{"count":11,"href":"https:\/\/caribewave.uprm.edu\/index.php\/wp-json\/wp\/v2\/pages\/111\/revisions"}],"predecessor-version":[{"id":5695,"href":"https:\/\/caribewave.uprm.edu\/index.php\/wp-json\/wp\/v2\/pages\/111\/revisions\/5695"}],"up":[{"embeddable":true,"href":"https:\/\/caribewave.uprm.edu\/index.php\/wp-json\/wp\/v2\/pages\/59"}],"wp:attachment":[{"href":"https:\/\/caribewave.uprm.edu\/index.php\/wp-json\/wp\/v2\/media?parent=111"}],"curies":[{"name":"wp","href":"https:\/\/api.w.org\/{rel}","templated":true}]}}