{"id":1414,"date":"2017-11-19T09:42:15","date_gmt":"2017-11-19T13:42:15","guid":{"rendered":"http:\/\/caribewave.uprm.edu\/?page_id=1414"},"modified":"2026-03-12T21:49:36","modified_gmt":"2026-03-12T21:49:36","slug":"intro-2","status":"publish","type":"page","link":"https:\/\/caribewave.uprm.edu\/","title":{"rendered":"Intro"},"content":{"rendered":"<div class=\"wpb-content-wrapper\"><p>[vc_row][vc_column]<div id=\"uvc-type-wrap-3705\"  data-ultimate-target='#uvc-type-wrap-3705'  data-responsive-json-new='{\"font-size\":\"desktop:40px;\",\"line-height\":\"\"}'  class=\"uvc-type-wrap  ult-adjust-bottom-margin ult-responsive  uvc-type-align-center uvc-type-no-prefix uvc-wrap-274063974069f3b8e7c6c27\" style=\"text-align:center;\"><span id=\"typed-274063974069f3b8e7c6c27\" class=\"ultimate-typed-main \" style=\" font-weight:bold; text-transform: unset;\"><\/span><script type=\"text\/javascript\">\n\t\t\t\t\t\tjQuery(function($){ \n\t\t\t\t\t\t\t$(document).ready(function(){\n\t\t\t\t\t\t\t\tif( typeof jQuery(\"#typed-274063974069f3b8e7c6c27\").typed == \"function\"){\n\t\t\t\t\t\t\t\t\t$(\"#typed-274063974069f3b8e7c6c27\").typed({\n\t\t\t\t\t\t\t\t\t\tstrings: [\"Ejercicio de Comunicaciones para Puerto Rico e Islas V\u00edrgenes\"],\n\t\t\t\t\t\t\t\t\t\ttypeSpeed: 25,\n\t\t\t\t\t\t\t\t\t\tbackSpeed: 0,\n\t\t\t\t\t\t\t\t\t\tstartDelay: \"200\",\n\t\t\t\t\t\t\t\t\t\tbackDelay: \"1500\",\n\t\t\t\t\t\t\t\t\t\tloop: \"false\",\n\t\t\t\t\t\t\t\t\t\tloopCount: false,\n\t\t\t\t\t\t\t\t\t\tshowCursor: true,\n\t\t\t\t\t\t\t\t\t\tcursorChar: \"|\",\n\t\t\t\t\t\t\t\t\t\tattr: null\n\t\t\t\t\t\t\t\t\t});\n\t\t\t\t\t\t\t\t}\n\t\t\t\t\t\t\t});\n\t\t\t\t\t\t});\n\t\t\t\t\t<\/script><\/div>[vc_single_image image=&#8221;5224&#8243; img_size=&#8221;full&#8221; alignment=&#8221;center&#8221;][vc_empty_space][vc_column_text]<div class=\"content_countdown\" id=\"main_countedown_1\"><div class=\"countdown\">\r\n\t\t\t\t<span class=\"element_conteiner\"><span  class=\"days time_left\">-42<\/span><span class=\"time_description\">D\u00edas<\/span><\/span>\r\n\t\t\t\t<span class=\"element_conteiner\"><span  class=\"hourse time_left\">-9<\/span><span class=\"time_description\">Horas<\/span><\/span>\r\n\t\t\t\t<span class=\"element_conteiner\"><span  class=\"minutes time_left\">-17<\/span><span class=\"time_description\">Minutos<\/span><\/span>\r\n\t\t\t\t<span class=\"element_conteiner\"><span  class=\"secondes time_left\">-43<\/span><span class=\"time_description\">Segundos<\/span><\/span>\r\n\t\t\t<\/div><\/div><script>\r\n        document.addEventListener('DOMContentLoaded', function(event) {\r\n\t\t\tjQuery('#main_countedown_1 .countdown').html('')\r\n\t\t});<\/script><style>#main_countedown_1 .countdown{text-align:center;}#main_countedown_1 .countdown{margin-top:10px;margin-bottom:10px}#main_countedown_1 .time_left{\r\nborder-radius:8px;\r\nbackground-color:#3DA8CC;\r\nfont-size:23px;\r\nfont-family:monospace;\r\ncolor:#000000;\r\n}\r\n#main_countedown_1 .time_description{\r\nfont-size:23px;\r\nfont-family:monospace;\r\ncolor:#000000;\r\n}\r\n#main_countedown_1 .element_conteiner{min-width:90px}<\/style><\/p>\n<h4><span style=\"font-weight: 400;\">El ejercicio CARIBE WAVE tiene como objetivos probar y evaluar las operaciones del Sistema de Alerta de Tsunamis del Caribe (Caribe EWS), (1) probar y evaluar las comunicaciones entre el proveedor regional de servicios de tsunami y los estados\/territorios miembros, (2) evaluar los procedimientos y programas de tsunamis de los estados\/territorios miembros (validar la preparaci\u00f3n en la respuesta ante tsunamis, validar la preparaci\u00f3n operacional y validar la diseminaci\u00f3n de alertas e informaci\u00f3n\/avisos por parte de los centros de alerta de tsunamis y los puntos focales de alerta de tsunamis) y (3) evaluar los productos de volcanes.<\/span><\/h4>\n<p>[\/vc_column_text][vc_column_text][\/vc_column_text][vc_raw_html]JTNDaWZyYW1lJTIwd2lkdGglM0QlMjIxMjgwJTIyJTIwaGVpZ2h0JTNEJTIyNzIwJTIyJTIwc3JjJTNEJTIyaHR0cHMlM0ElMkYlMkZ3d3cueW91dHViZS5jb20lMkZlbWJlZCUyRkxWYldldjNzNDNFJTNGY29udHJvbHMlM0QwJTIyJTIwZnJhbWVib3JkZXIlM0QlMjIwJTIyJTIwYWxsb3clM0QlMjJhY2NlbGVyb21ldGVyJTNCJTIwYXV0b3BsYXklM0IlMjBlbmNyeXB0ZWQtbWVkaWElM0IlMjBneXJvc2NvcGUlM0IlMjBwaWN0dXJlLWluLXBpY3R1cmUlMjIlMjBhbGxvd2Z1bGxzY3JlZW4lM0UlM0MlMkZpZnJhbWUlM0U=[\/vc_raw_html][vc_cta h2=&#8221;Reg\u00edstrate Ahora&#8221; txt_align=&#8221;center&#8221; style=&#8221;3d&#8221; add_button=&#8221;top&#8221; btn_title=&#8221;Registro&#8221; btn_color=&#8221;success&#8221; btn_align=&#8221;center&#8221; css_animation=&#8221;bottom-to-top&#8221; btn_link=&#8221;url:http%3A%2F%2Ftsunamizone.org%2Fespanol%2Finscribirse%2F||target:%20_blank&#8221;]<\/p>\n<h3><span style=\"font-weight: 400;\">Inscribe a tu familia, oficina, escuela, comunidad o cualquier otro grupo representativo para participar en el ejercicio de tsunamis, <\/span><b>CARIBE WAVE 2026<\/b><span style=\"font-weight: 400;\">\u00a0a llevarse a cabo <\/span><b>el jueves, 19 de marzo de 2026 a partir de las 11:00 a.m.<\/b><\/h3>\n<p>[\/vc_cta][vc_single_image image=&#8221;5235&#8243; img_size=&#8221;full&#8221; alignment=&#8221;center&#8221;][\/vc_column][\/vc_row][vc_row][vc_column][vc_column_text]<\/p>\n<h4><span style=\"box-sizing: border-box; margin: 0px; padding: 0px;\">Durante el ejercicio\u00a0<strong>CARIBE WAVE 2026<\/strong>, los participantes de Puerto Rico y las Islas V\u00edrgenes utilizar\u00e1n el escenario del Volc\u00e1n\u00a0<strong>Kick&#8217;em Jenny,\u00a0<\/strong><\/span><strong><span style=\"box-sizing: border-box; margin: 0px; padding: 0px;\">donde se generar\u00e1 un tsunami en la regi\u00f3n del Caribe debido al colapso del flanco de este volc\u00e1n submarino.<\/span><\/strong><\/h4>\n<h4><span style=\"font-weight: 400;\">Tiempo de Origen<strong>: 19<\/strong><\/span><b> de marzo de 2026 a las 15:00 UTC<\/b><span style=\"font-weight: 400;\"> (<strong>11:00 AM<\/strong> Hora Local de Puerto Rico)<\/span><\/h4>\n<h4><span style=\"font-weight: 400;\">Ubicaci\u00f3n: <\/span><b>Latitud: 12.30\u00b0N y Longitud: 61.63\u00b0O<\/b><\/h4>\n<p>[\/vc_column_text][vc_column_text][\/vc_column_text][\/vc_column][\/vc_row][vc_row][vc_column][vc_message message_box_color=&#8221;warning&#8221; icon_fontawesome=&#8221;&#8221;]<\/p>\n<h3 style=\"text-align: center;\">\u00a0Presione <a href=\"https:\/\/caribewave.uprm.edu\/index.php\/intro\/puerto-rico\/productos\/\">aqu\u00ed<\/a> para Ejemplos de Productos RSPR<\/h3>\n<p>[\/vc_message][vc_column_text][\/vc_column_text][vc_row_inner][vc_column_inner][vc_video link=&#8221;https:\/\/youtu.be\/08V97RROV80?si=TYyHcE6FN1RXeeXU&#8221;][\/vc_column_inner][\/vc_row_inner][\/vc_column][\/vc_row][vc_row][vc_column][vc_column_text]<\/p>\n<h4><span style=\"font-weight: 400;\">Los participantes de Puerto Rico, Islas V\u00edrgenes Estadounidenses e Islas V\u00edrgenes Brit\u00e1nicas deben referirse a la informaci\u00f3n basada en los <\/span><b>productos dom\u00e9sticos del PTWC<\/b><span style=\"font-weight: 400;\"> ofrecida en esta p\u00e1gina. Para prop\u00f3sitos del ejercicio de comunicaciones Caribe Wave 2026, la<\/span><b> RSPR emitir\u00e1 los mensajes de la cronolog\u00eda del ejercicio a partir de las 11:00 am (hora local de Puerto Rico) por todos los medios disponibles a las agencias de manejo de emergencias de nuestra regi\u00f3n.<\/b><\/h4>\n<p>[\/vc_column_text][vc_column_text][\/vc_column_text][\/vc_column][\/vc_row][vc_row][vc_column][vc_video link=&#8221;https:\/\/youtu.be\/XnhFItqSB38&#8243;][\/vc_column][\/vc_row][vc_row margin_top=&#8221;32&#8243;][vc_column][vc_column_text]<\/p>\n<p style=\"text-align: center;\"><em><img loading=\"lazy\" decoding=\"async\" class=\"alignnone wp-image-319 \" src=\"http:\/\/caribewave.uprm.edu\/wp-content\/uploads\/2016\/02\/prsn.png\" alt=\"prsn\" width=\"107\" height=\"107\" \/><\/em><em><img loading=\"lazy\" decoding=\"async\" class=\"wp-image-2168 alignnone\" src=\"http:\/\/caribewave.uprm.edu\/wp-content\/uploads\/2019\/03\/Logo_nuevo_NMEAD-300x300.png\" alt=\"\" width=\"102\" height=\"102\" srcset=\"https:\/\/caribewave.uprm.edu\/wp-content\/uploads\/2019\/03\/Logo_nuevo_NMEAD-300x300.png 300w, https:\/\/caribewave.uprm.edu\/wp-content\/uploads\/2019\/03\/Logo_nuevo_NMEAD-150x150.png 150w, https:\/\/caribewave.uprm.edu\/wp-content\/uploads\/2019\/03\/Logo_nuevo_NMEAD-768x768.png 768w, https:\/\/caribewave.uprm.edu\/wp-content\/uploads\/2019\/03\/Logo_nuevo_NMEAD-320x320.png 320w, https:\/\/caribewave.uprm.edu\/wp-content\/uploads\/2019\/03\/Logo_nuevo_NMEAD-480x480.png 480w, https:\/\/caribewave.uprm.edu\/wp-content\/uploads\/2019\/03\/Logo_nuevo_NMEAD-800x800.png 800w, https:\/\/caribewave.uprm.edu\/wp-content\/uploads\/2019\/03\/Logo_nuevo_NMEAD.png 960w\" sizes=\"auto, (max-width: 102px) 100vw, 102px\" \/><img loading=\"lazy\" decoding=\"async\" class=\"alignnone wp-image-308\" src=\"http:\/\/caribewave.uprm.edu\/wp-content\/uploads\/2016\/02\/UPRM_logo-300x300.png\" alt=\"UPRM_logo\" width=\"102\" height=\"102\" srcset=\"https:\/\/caribewave.uprm.edu\/wp-content\/uploads\/2016\/02\/UPRM_logo-300x300.png 300w, https:\/\/caribewave.uprm.edu\/wp-content\/uploads\/2016\/02\/UPRM_logo-150x150.png 150w, https:\/\/caribewave.uprm.edu\/wp-content\/uploads\/2016\/02\/UPRM_logo-320x318.png 320w, https:\/\/caribewave.uprm.edu\/wp-content\/uploads\/2016\/02\/UPRM_logo.png 400w\" sizes=\"auto, (max-width: 102px) 100vw, 102px\" \/><\/em><em>\u00a0<\/em><em><img loading=\"lazy\" decoding=\"async\" class=\"wp-image-316 alignnone\" src=\"http:\/\/caribewave.uprm.edu\/wp-content\/uploads\/2016\/02\/ioc.png\" alt=\"ioc\" width=\"110\" height=\"108\" \/><\/em><em><img loading=\"lazy\" decoding=\"async\" class=\"wp-image-317 alignnone\" src=\"http:\/\/caribewave.uprm.edu\/wp-content\/uploads\/2016\/02\/noaa.png\" alt=\"noaa\" width=\"113\" height=\"113\" \/><\/em><em><img loading=\"lazy\" decoding=\"async\" class=\"alignnone wp-image-318\" src=\"http:\/\/caribewave.uprm.edu\/wp-content\/uploads\/2016\/02\/nws.png\" alt=\"nws\" width=\"112\" height=\"113\" \/><\/em><em><img loading=\"lazy\" decoding=\"async\" class=\"wp-image-5133 alignnone\" src=\"http:\/\/caribewave.uprm.edu\/wp-content\/uploads\/2025\/03\/ITIC_logo_300dpi_20160816-294x300.png\" alt=\"\" width=\"110\" height=\"112\" srcset=\"https:\/\/caribewave.uprm.edu\/wp-content\/uploads\/2025\/03\/ITIC_logo_300dpi_20160816-294x300.png 294w, https:\/\/caribewave.uprm.edu\/wp-content\/uploads\/2025\/03\/ITIC_logo_300dpi_20160816-1003x1024.png 1003w, https:\/\/caribewave.uprm.edu\/wp-content\/uploads\/2025\/03\/ITIC_logo_300dpi_20160816-768x784.png 768w, https:\/\/caribewave.uprm.edu\/wp-content\/uploads\/2025\/03\/ITIC_logo_300dpi_20160816-1505x1536.png 1505w, https:\/\/caribewave.uprm.edu\/wp-content\/uploads\/2025\/03\/ITIC_logo_300dpi_20160816-2006x2048.png 2006w, https:\/\/caribewave.uprm.edu\/wp-content\/uploads\/2025\/03\/ITIC_logo_300dpi_20160816-320x327.png 320w, https:\/\/caribewave.uprm.edu\/wp-content\/uploads\/2025\/03\/ITIC_logo_300dpi_20160816-480x490.png 480w, https:\/\/caribewave.uprm.edu\/wp-content\/uploads\/2025\/03\/ITIC_logo_300dpi_20160816-800x817.png 800w\" sizes=\"auto, (max-width: 110px) 100vw, 110px\" \/><\/em><em><img loading=\"lazy\" decoding=\"async\" class=\"wp-image-5134 alignnone\" src=\"http:\/\/caribewave.uprm.edu\/wp-content\/uploads\/2025\/03\/PTWC-Logo.png\" alt=\"\" width=\"109\" height=\"109\" srcset=\"https:\/\/caribewave.uprm.edu\/wp-content\/uploads\/2025\/03\/PTWC-Logo.png 180w, https:\/\/caribewave.uprm.edu\/wp-content\/uploads\/2025\/03\/PTWC-Logo-150x150.png 150w\" sizes=\"auto, (max-width: 109px) 100vw, 109px\" \/><\/em><em><img loading=\"lazy\" decoding=\"async\" class=\"wp-image-315 alignnone\" src=\"http:\/\/caribewave.uprm.edu\/wp-content\/uploads\/2016\/02\/eas.png\" alt=\"eas\" width=\"146\" height=\"114\" \/><\/em><em> <img loading=\"lazy\" decoding=\"async\" class=\"wp-image-5433 alignnone\" src=\"http:\/\/caribewave.uprm.edu\/wp-content\/uploads\/2026\/03\/Logo-Caribe-wave-300x255.png\" alt=\"\" width=\"113\" height=\"96\" srcset=\"https:\/\/caribewave.uprm.edu\/wp-content\/uploads\/2026\/03\/Logo-Caribe-wave-300x255.png 300w, https:\/\/caribewave.uprm.edu\/wp-content\/uploads\/2026\/03\/Logo-Caribe-wave-1024x871.png 1024w, https:\/\/caribewave.uprm.edu\/wp-content\/uploads\/2026\/03\/Logo-Caribe-wave-768x653.png 768w, https:\/\/caribewave.uprm.edu\/wp-content\/uploads\/2026\/03\/Logo-Caribe-wave-320x272.png 320w, https:\/\/caribewave.uprm.edu\/wp-content\/uploads\/2026\/03\/Logo-Caribe-wave-480x408.png 480w, https:\/\/caribewave.uprm.edu\/wp-content\/uploads\/2026\/03\/Logo-Caribe-wave-800x680.png 800w, https:\/\/caribewave.uprm.edu\/wp-content\/uploads\/2026\/03\/Logo-Caribe-wave.png 1136w\" sizes=\"auto, (max-width: 113px) 100vw, 113px\" \/><\/em><\/p>\n<p>[\/vc_column_text][\/vc_column][\/vc_row][vc_row][vc_column][\/vc_column][\/vc_row]<\/p>\n<\/div>","protected":false},"excerpt":{"rendered":"<p>[vc_row][vc_column][vc_single_image image=&#8221;5224&#8243; img_size=&#8221;full&#8221; alignment=&#8221;center&#8221;][vc_empty_space][vc_column_text] El ejercicio CARIBE WAVE tiene como objetivos probar y evaluar las operaciones del Sistema de Alerta de Tsunamis del Caribe (Caribe EWS), (1) probar y evaluar las comunicaciones entre el proveedor regional de servicios de tsunami y los estados\/territorios miembros, (2) evaluar los procedimientos y programas de tsunamis de los estados\/territorios&hellip;<\/p>\n","protected":false},"author":1,"featured_media":0,"parent":0,"menu_order":0,"comment_status":"closed","ping_status":"closed","template":"","meta":{"footnotes":""},"class_list":["post-1414","page","type-page","status-publish","hentry","description-off"],"_links":{"self":[{"href":"https:\/\/caribewave.uprm.edu\/index.php\/wp-json\/wp\/v2\/pages\/1414","targetHints":{"allow":["GET"]}}],"collection":[{"href":"https:\/\/caribewave.uprm.edu\/index.php\/wp-json\/wp\/v2\/pages"}],"about":[{"href":"https:\/\/caribewave.uprm.edu\/index.php\/wp-json\/wp\/v2\/types\/page"}],"author":[{"embeddable":true,"href":"https:\/\/caribewave.uprm.edu\/index.php\/wp-json\/wp\/v2\/users\/1"}],"replies":[{"embeddable":true,"href":"https:\/\/caribewave.uprm.edu\/index.php\/wp-json\/wp\/v2\/comments?post=1414"}],"version-history":[{"count":45,"href":"https:\/\/caribewave.uprm.edu\/index.php\/wp-json\/wp\/v2\/pages\/1414\/revisions"}],"predecessor-version":[{"id":5476,"href":"https:\/\/caribewave.uprm.edu\/index.php\/wp-json\/wp\/v2\/pages\/1414\/revisions\/5476"}],"wp:attachment":[{"href":"https:\/\/caribewave.uprm.edu\/index.php\/wp-json\/wp\/v2\/media?parent=1414"}],"curies":[{"name":"wp","href":"https:\/\/api.w.org\/{rel}","templated":true}]}}