{"id":1429,"date":"2017-11-19T09:54:28","date_gmt":"2017-11-19T13:54:28","guid":{"rendered":"http:\/\/caribewave.uprm.edu\/?page_id=1429"},"modified":"2026-02-20T00:14:45","modified_gmt":"2026-02-20T00:14:45","slug":"credits","status":"publish","type":"page","link":"https:\/\/caribewave.uprm.edu\/index.php\/en\/credits\/","title":{"rendered":"Credits"},"content":{"rendered":"<div class=\"wpb-content-wrapper\"><p>[vc_row][vc_column][vc_custom_heading text=&#8221;Credits PRSN CARIBE WAVE 2026 Communication Exercise&#8221; font_container=&#8221;tag:h2|text_align:center&#8221; google_fonts=&#8221;font_family:Montserrat%3Aregular%2C700|font_style:400%20regular%3A400%3Anormal&#8221;][vc_empty_space][\/vc_column][\/vc_row][vc_row margin_top=&#8221;22&#8243;][vc_column][vc_column_text]<\/p>\n<h4 style=\"text-align: center;\"><span style=\"color: #808080;\">PRSN Exercise Coordinator<\/span><\/h4>\n<p>[\/vc_column_text][vc_column_text css_animation=&#8221;tada&#8221;]<\/p>\n<h3 style=\"text-align: center;\"><strong>Gisela B\u00e1ez-S\u00e1nchez<\/strong><\/h3>\n<p>[\/vc_column_text][vc_empty_space][\/vc_column][\/vc_row][vc_row margin_top=&#8221;22&#8243;][vc_column][vc_column_text]<\/p>\n<h4 style=\"text-align: center;\">The representative of the PRSN at<\/h4>\n<h4 style=\"text-align: center;\">ICG Caribe-EWS IOC UNESCO Caribe Wave 2026<\/h4>\n<p>[\/vc_column_text][vc_column_text css_animation=&#8221;tada&#8221;]<\/p>\n<h3 style=\"text-align: center;\"><strong>Gisela B\u00e1ez-S\u00e1nchez<\/strong><\/h3>\n<p style=\"text-align: center;\">Vice Chair Caribe Wave Task Team<\/p>\n<p>[\/vc_column_text][vc_empty_space][\/vc_column][\/vc_row][vc_row margin_top=&#8221;22&#8243;][vc_column][vc_column_text]<\/p>\n<h4 style=\"text-align: center;\"><span style=\"color: #808080;\">Media Coordinator\u00a0<\/span><\/h4>\n<p>[\/vc_column_text][vc_column_text css_animation=&#8221;tada&#8221;]<\/p>\n<h3 style=\"text-align: center;\"><strong>Jesenia Figueroa Nieves<\/strong><\/h3>\n<p>[\/vc_column_text][vc_empty_space][\/vc_column][\/vc_row][vc_row margin_top=&#8221;22&#8243;][vc_column][vc_column_text]<\/p>\n<h4 style=\"text-align: center;\"><span style=\"color: #808080;\">Content Editor and Translations<\/span><\/h4>\n<p>[\/vc_column_text][vc_column_text css_animation=&#8221;tada&#8221;]<\/p>\n<h3 style=\"text-align: center;\"><strong>Gisela B\u00e1ez S\u00e1nchez<\/strong><\/h3>\n<p>[\/vc_column_text][vc_empty_space][\/vc_column][\/vc_row][vc_row margin_top=&#8221;22&#8243;][vc_column][vc_column_text]<\/p>\n<h4 style=\"text-align: center;\"><span style=\"color: #808080;\">IT Coordinator<\/span><\/h4>\n<p>[\/vc_column_text][vc_column_text css_animation=&#8221;tada&#8221;]<\/p>\n<h3 style=\"text-align: center;\">\u00c1ngel Feliciano Ortega<\/h3>\n<h3 style=\"text-align: center;\"><\/h3>\n<p>[\/vc_column_text][vc_empty_space][\/vc_column][\/vc_row][vc_row margin_top=&#8221;22&#8243;][vc_column][vc_column_text]<\/p>\n<h4 style=\"text-align: center;\"><span style=\"color: #808080;\">IT \/ Web Developers<\/span><\/h4>\n<p>[\/vc_column_text][vc_column_text css_animation=&#8221;tada&#8221;]<\/p>\n<h3 style=\"text-align: center;\"><strong>\u00c1ngel Feliciano Ortega<\/strong><\/h3>\n<h3 style=\"text-align: center;\"><strong>Alianis Reyes Reyes<\/strong><\/h3>\n<p>[\/vc_column_text][vc_empty_space][\/vc_column][\/vc_row][vc_row margin_top=&#8221;22&#8243;][vc_column][vc_column_text]<\/p>\n<h4 style=\"text-align: center;\"><span style=\"color: #808080;\">Geophysical Data Analysts<\/span><\/h4>\n<p>[\/vc_column_text][vc_column_text css_animation=&#8221;tada&#8221;]<\/p>\n<h3 style=\"text-align: center;\">Gisela B\u00e1ez-S\u00e1nchez<\/h3>\n<h3 style=\"text-align: center;\">Benjam\u00edn Col\u00f3n Rodr\u00edguez<\/h3>\n<h3 style=\"text-align: center;\"><\/h3>\n<p>[\/vc_column_text][vc_empty_space][\/vc_column][\/vc_row][vc_row][vc_column][vc_column_text][\/vc_column_text][\/vc_column][\/vc_row]<\/p>\n<\/div>","protected":false},"excerpt":{"rendered":"<p>[vc_row][vc_column][vc_custom_heading text=&#8221;Credits PRSN CARIBE WAVE 2026 Communication Exercise&#8221; font_container=&#8221;tag:h2|text_align:center&#8221; google_fonts=&#8221;font_family:Montserrat%3Aregular%2C700|font_style:400%20regular%3A400%3Anormal&#8221;][vc_empty_space][\/vc_column][\/vc_row][vc_row margin_top=&#8221;22&#8243;][vc_column][vc_column_text] PRSN Exercise Coordinator [\/vc_column_text][vc_column_text css_animation=&#8221;tada&#8221;] Gisela B\u00e1ez-S\u00e1nchez [\/vc_column_text][vc_empty_space][\/vc_column][\/vc_row][vc_row margin_top=&#8221;22&#8243;][vc_column][vc_column_text] The representative of the PRSN at ICG Caribe-EWS IOC UNESCO Caribe Wave 2026 [\/vc_column_text][vc_column_text css_animation=&#8221;tada&#8221;] Gisela B\u00e1ez-S\u00e1nchez Vice Chair Caribe Wave Task Team [\/vc_column_text][vc_empty_space][\/vc_column][\/vc_row][vc_row margin_top=&#8221;22&#8243;][vc_column][vc_column_text] Media Coordinator\u00a0 [\/vc_column_text][vc_column_text css_animation=&#8221;tada&#8221;] Jesenia Figueroa Nieves [\/vc_column_text][vc_empty_space][\/vc_column][\/vc_row][vc_row margin_top=&#8221;22&#8243;][vc_column][vc_column_text] Content&hellip;<\/p>\n","protected":false},"author":1,"featured_media":0,"parent":0,"menu_order":11,"comment_status":"closed","ping_status":"closed","template":"","meta":{"footnotes":""},"class_list":["post-1429","page","type-page","status-publish","hentry","description-off"],"_links":{"self":[{"href":"https:\/\/caribewave.uprm.edu\/index.php\/wp-json\/wp\/v2\/pages\/1429","targetHints":{"allow":["GET"]}}],"collection":[{"href":"https:\/\/caribewave.uprm.edu\/index.php\/wp-json\/wp\/v2\/pages"}],"about":[{"href":"https:\/\/caribewave.uprm.edu\/index.php\/wp-json\/wp\/v2\/types\/page"}],"author":[{"embeddable":true,"href":"https:\/\/caribewave.uprm.edu\/index.php\/wp-json\/wp\/v2\/users\/1"}],"replies":[{"embeddable":true,"href":"https:\/\/caribewave.uprm.edu\/index.php\/wp-json\/wp\/v2\/comments?post=1429"}],"version-history":[{"count":5,"href":"https:\/\/caribewave.uprm.edu\/index.php\/wp-json\/wp\/v2\/pages\/1429\/revisions"}],"predecessor-version":[{"id":5248,"href":"https:\/\/caribewave.uprm.edu\/index.php\/wp-json\/wp\/v2\/pages\/1429\/revisions\/5248"}],"wp:attachment":[{"href":"https:\/\/caribewave.uprm.edu\/index.php\/wp-json\/wp\/v2\/media?parent=1429"}],"curies":[{"name":"wp","href":"https:\/\/api.w.org\/{rel}","templated":true}]}}