{"id":1786,"date":"2018-06-14T08:06:41","date_gmt":"2018-06-14T12:06:41","guid":{"rendered":"http:\/\/caribewave.uprm.edu\/?page_id=1786"},"modified":"2024-02-13T21:11:40","modified_gmt":"2024-02-13T21:11:40","slug":"spanish-informacion-lantex14","status":"publish","type":"page","link":"https:\/\/caribewave.uprm.edu\/index.php\/spanish-informacion-simulacros\/spanish-informacion-lantex14\/","title":{"rendered":"CARIBEWAVE\/LANTEX 2014"},"content":{"rendered":"<div class=\"wpb-content-wrapper\"><p>[vc_row][vc_column][vc_column_text]<\/p>\n<h1 align=\"left\">CARIBEWAVE\/LANTEX 2014<br \/>\n<span style=\"font-size: small;\">El d\u00eda 26 de marzo del 2014 a las 6:00 A.M.<\/span><\/h1>\n<p>[\/vc_column_text][vc_column_text]<span style=\"font-size: medium;\"><b>Prop\u00f3sito:<br \/>\n<\/b><\/span><span lang=\"ES-PR\">El prop\u00f3sito de este ejercicio es mejorar la efectividad del sistema de aviso de maremoto en Puerto Rico e Islas V\u00edrgenes, a lo largo de la costa atl\u00e1ntica de E.U. y Canad\u00e1 y el Golfo de M\u00e9xico. El ejercicio provee una oportunidad para las organizaciones de manejo de emergencia a lolargo de la costa atl\u00e1ntica y PR\/IV para ejercitar sus l\u00edneas operacionales de comunicaci\u00f3n, revisar sus procedimientos de respuesta a maremoto y promover la preparaci\u00f3n a maremotos. El ejercicio regular de planes de respuesta es crucial para mantener la preparaci\u00f3n para una emergencia. Esto es particularmente cierto para maremoto que son eventos infrecuentes pero de gran impacto. Cada organizaci\u00f3n de manejo de emergencia es bienvenida a participar.<\/span>[\/vc_column_text][\/vc_column][\/vc_row][vc_row][vc_column][vc_column_text]<span style=\"font-size: medium;\"><b>Resumen:<br \/>\n<\/b><\/span><\/p>\n<p>El ejercicio conjunto de tsunami CARIBEWAVE\/LANTEX 14 consiste de la simulaci\u00f3n de un terremoto (teles\u00edsmico para Puerto Rico e Islas V\u00edrgenes) en la costa de Portugal en el Oc\u00e9ano Atl\u00e1ntico que causa a su vez un tsunami. Seg\u00fan el esquema general el ejercicio, para Puerto Rico e Islas V\u00edrgenes, comienza con un gran terremoto de magnitud 8.5 ubicado en la latitud 34.04\u00ba N y la longitud 10.75\u00ba W con una profundidad de 5 km. Con epicentro a unos 270 km de Portugal en el Atl\u00e1ntico Norte. El terremoto se origina el 26 de marzo de 2014 a las 10:00 UTC (6:00 am, hora local de Puerto Rico). Inmediatamente se genera un tsunami causado por el desplazamiento del suelo marino o levantamiento (\u201cuplift\u201d) de la falla geol\u00f3gica causante del terremoto. El ancho del desplazamiento o ruptura de la falla es de 80 km y la longitud del bloque es de 200 km.[\/vc_column_text][\/vc_column][\/vc_row][vc_row][vc_column][vc_column_text]<\/p>\n<h2 align=\"center\"><b>El ejercicio de comunicaciones se llev\u00f3 a cabo<br \/>\nel d\u00eda 26 de marzo del 2014 a las 6:00am<\/b><\/h2>\n<p>[\/vc_column_text][\/vc_column][\/vc_row][vc_row][vc_column][vc_column_text]<span style=\"font-size: medium;\"><b>Documentos Generales<br \/>\n<\/b><\/span><\/p>\n<ul>\n<li><a href=\"http:\/\/caribewave.uprm.edu\/wp-content\/uploads\/2018\/06\/LANTEX14_RSPR_web.pdf\">Presentaci\u00f3n de la RSPR sobre el Ejercicio CARIBEWAVE\/LANTEX 14<\/a><\/li>\n<\/ul>\n<p>[\/vc_column_text][vc_column_text]<span style=\"font-size: medium;\"><b>Modelos de Comunicados de Prensa:<br \/>\n<\/b><\/span><\/p>\n<ul>\n<li><a href=\"http:\/\/caribewave.uprm.edu\/wp-content\/uploads\/2018\/06\/Ejemplo_de_Comunicado_de_Prensa_Lantex14.pdf\">Para ver el Modelo de Comunicado de Prensa en Espa\u00f1ol presione aqu\u00ed..<\/a><\/li>\n<li><a href=\"http:\/\/caribewave.uprm.edu\/wp-content\/uploads\/2018\/06\/Sample_Press_Release_for_Local_Media_LANTEX14.pdf\">For the Sample Press Release for Local Media press here..<\/a><\/li>\n<\/ul>\n<p>Proclama Oficial del Gonernador de Puerto Rico para la Semana de la Preparacion y Educacion en Tsunamis<\/p>\n<ul>\n<li>El Gobierno del Estado Libre Asociado de Puerto Rico ha declarado la semana del 23 al 29 de marzo como la Semana de Preparaci\u00f3n y Educaci\u00f3n de Tsunamis en Puerto Rico.<\/li>\n<\/ul>\n<p>Comunicados de prensa:<\/p>\n<ul>\n<li><a href=\"http:\/\/caribewave.uprm.edu\/wp-content\/uploads\/2018\/06\/EAS-Comunicado_CARIBEWAVE_LANTEX-2014.pdf\">Para ver el comunicado de prensa haga click aqui..<\/a><\/li>\n<li><a href=\"http:\/\/caribewave.uprm.edu\/wp-content\/uploads\/2018\/06\/Hoja_Informativa_LANTEX14_RSPR.pdf\">Hoja informativa para Lantex14<\/a><\/li>\n<li><a href=\"http:\/\/caribewave.uprm.edu\/wp-content\/uploads\/2018\/06\/Information_Sheet_LANTEX14_RSPR.pdf\">Information sheet for Lantex14<\/a><\/li>\n<\/ul>\n<p>[\/vc_column_text][vc_column_text]<span style=\"font-size: medium;\"><b>Para Municipios Tsunami Ready:<br \/>\n<\/b><\/span><\/p>\n<ul>\n<li><a href=\"http:\/\/caribewave.uprm.edu\/wp-content\/uploads\/2018\/06\/formEvaluacion-Simulacro.Final_.pdf\">Evaluaci\u00f3n de Desalojo(Para municipios y escuelas)<\/a><\/li>\n<li><a href=\"http:\/\/caribewave.uprm.edu\/\">Participacion de los municipios tsunami ready<\/a><\/li>\n<li><a href=\"http:\/\/caribewave.uprm.edu\/wp-content\/uploads\/2018\/06\/LISTA_DE_CONTROL_EN_CASO_DE_TSUNAMI.pdf\">Lista de control relativa a las responsabilidades de desalojo en caso de tsunami distante(segun publicado en el Manual Oficial del IOC<\/a><\/li>\n<li><a href=\"http:\/\/caribewave.uprm.edu\/wp-content\/uploads\/2018\/06\/Checklist_for_government_disaster_response_agencies.pdf\">Distant Tsunami Evacuation Responsabilities Checklist for Government Disaster Reponse Agencies<\/a><\/li>\n<\/ul>\n<p>[\/vc_column_text][vc_column_text]<span style=\"font-size: medium;\"><b>Para ejercicios de comunicaci\u00f3n:<\/b><\/span><\/p>\n<p>Evaluacion de comunicaciones para Puerto Rico<\/p>\n<ul>\n<li><a href=\"http:\/\/caribewave.uprm.edu\/wp-content\/uploads\/2018\/06\/Tabla_LANTEX14_control_estatal_aemead.pdf\">Evaluaci\u00f3n de comunicaciones para Control Estatal de AEMEAD en Puerto Rico<\/a><\/li>\n<li><a href=\"http:\/\/caribewave.uprm.edu\/wp-content\/uploads\/2018\/06\/Tabla_LANTEX14_ommes_y_zonas_aemead_y_TWFP.pdf\">Evaluaci\u00f3n de comunicaciones para Zonas de AEMEAD, OMME&#8217;s y Puntos Focales de Alerta de Tsunami en Puerto Rico<\/a><\/li>\n<li><a href=\"http:\/\/caribewave.uprm.edu\/wp-content\/uploads\/2018\/06\/Tabla_LANTEX14_otras_agencias_emergencia.pdf\">Evaluaci\u00f3n de comunicaciones para otras agencias en Puerto Rico e Islas V\u00edrgenes<\/a><\/li>\n<li><a href=\"http:\/\/caribewave.uprm.edu\/\">Evalaucion general final<\/a><\/li>\n<li><a href=\"http:\/\/caribewave.uprm.edu\/wp-content\/uploads\/2018\/06\/Tabla_LANTEX11_PARTICIPANTES-EN-GENERAL.pdf\">Evaluaci\u00f3n de Comunicaciones para Puerto Rico (otras agencias y participantes en general)<\/a><\/li>\n<\/ul>\n<p>[\/vc_column_text][vc_column_text]<span style=\"font-size: medium;\"><b>Manuales:<br \/>\n<\/b><\/span><\/p>\n<ul>\n<li><a href=\"http:\/\/caribewave.uprm.edu\/wp-content\/uploads\/2018\/06\/225992M.pdf\">Escenario de Portugal &#8211; Manual del participante, Ejercicio Caribewave\/Lantex14. Un ejercicio de alerta de tsunami en el Caribe y el Atl\u00e1ntico noroccidental, 26 de marzo de 2014. Volumen 1. IOC &#8211; Unesco (English &#8211; Spanish)<\/a><\/li>\n<li><a href=\"http:\/\/caribewave.uprm.edu\/wp-content\/uploads\/2018\/06\/Guia-de-Puerto-Rico-LANTEX-14_Final.pdf\">Gu\u00eda de Respuesta de la Red S\u00edsmica de Puerto Rico para la Regi\u00f3n de Puerto Rico e Islas V\u00edrgenes EJERCICIO CONJUNTO CARIBEWAVE\/LANTEX 2014<\/a><\/li>\n<\/ul>\n<p>[\/vc_column_text][\/vc_column][\/vc_row]<\/p>\n<\/div>","protected":false},"excerpt":{"rendered":"<p>[vc_row][vc_column][vc_column_text] CARIBEWAVE\/LANTEX 2014 El d\u00eda 26 de marzo del 2014 a las 6:00 A.M. [\/vc_column_text][vc_column_text]Prop\u00f3sito: El prop\u00f3sito de este ejercicio es mejorar la efectividad del sistema de aviso de maremoto en Puerto Rico e Islas V\u00edrgenes, a lo largo de la costa atl\u00e1ntica de E.U. y Canad\u00e1 y el Golfo de M\u00e9xico. El ejercicio provee&hellip;<\/p>\n","protected":false},"author":1,"featured_media":0,"parent":1887,"menu_order":0,"comment_status":"closed","ping_status":"closed","template":"","meta":{"footnotes":""},"class_list":["post-1786","page","type-page","status-publish","hentry","description-off"],"_links":{"self":[{"href":"https:\/\/caribewave.uprm.edu\/index.php\/wp-json\/wp\/v2\/pages\/1786","targetHints":{"allow":["GET"]}}],"collection":[{"href":"https:\/\/caribewave.uprm.edu\/index.php\/wp-json\/wp\/v2\/pages"}],"about":[{"href":"https:\/\/caribewave.uprm.edu\/index.php\/wp-json\/wp\/v2\/types\/page"}],"author":[{"embeddable":true,"href":"https:\/\/caribewave.uprm.edu\/index.php\/wp-json\/wp\/v2\/users\/1"}],"replies":[{"embeddable":true,"href":"https:\/\/caribewave.uprm.edu\/index.php\/wp-json\/wp\/v2\/comments?post=1786"}],"version-history":[{"count":1,"href":"https:\/\/caribewave.uprm.edu\/index.php\/wp-json\/wp\/v2\/pages\/1786\/revisions"}],"predecessor-version":[{"id":4558,"href":"https:\/\/caribewave.uprm.edu\/index.php\/wp-json\/wp\/v2\/pages\/1786\/revisions\/4558"}],"up":[{"embeddable":true,"href":"https:\/\/caribewave.uprm.edu\/index.php\/wp-json\/wp\/v2\/pages\/1887"}],"wp:attachment":[{"href":"https:\/\/caribewave.uprm.edu\/index.php\/wp-json\/wp\/v2\/media?parent=1786"}],"curies":[{"name":"wp","href":"https:\/\/api.w.org\/{rel}","templated":true}]}}