{"id":1807,"date":"2018-06-14T13:14:02","date_gmt":"2018-06-14T17:14:02","guid":{"rendered":"http:\/\/caribewave.uprm.edu\/?page_id=1807"},"modified":"2024-02-13T21:12:27","modified_gmt":"2024-02-13T21:12:27","slug":"spanish-informacion-lantex13","status":"publish","type":"page","link":"https:\/\/caribewave.uprm.edu\/index.php\/spanish-informacion-simulacros\/spanish-informacion-lantex13\/","title":{"rendered":"LANTEX 2013"},"content":{"rendered":"<div class=\"wpb-content-wrapper\"><p>[vc_row][vc_column][vc_column_text]<\/p>\n<h1 align=\"left\">LANTEX 2013<br \/>\n<span style=\"font-size: small;\">El d\u00eda 20 de marzo del 2013 a las 9:00 A.M.<\/span><\/h1>\n<p>[\/vc_column_text][vc_column_text]<span style=\"font-size: medium;\"><b>Prop\u00f3sito:<br \/>\n<\/b><\/span><span lang=\"ES-PR\">El prop\u00f3sito de este ejercicio es mejorar la efectividad del sistema de aviso de maremoto en Puerto Rico e Islas V\u00edrgenes, a lo largo de la costa atl\u00e1ntica de E.U. y Canad\u00e1 y el Golfo de M\u00e9xico. El ejercicio provee una oportunidad para las organizaciones de manejo de emergencia a lolargo de la costa atl\u00e1ntica y PR\/IV para ejercitar sus l\u00edneas operacionales de comunicaci\u00f3n, revisar sus procedimientos de respuesta a maremoto y promover la preparaci\u00f3n a maremotos. El ejercicio regular de planes de respuesta es crucial para mantener la preparaci\u00f3n para una emergencia. Esto es particularmente cierto para maremoto que son eventos infrecuentes pero de gran impacto. Cada organizaci\u00f3n de manejo de emergencia es bienvenida a participar.<\/span>[\/vc_column_text][\/vc_column][\/vc_row][vc_row][vc_column][vc_column_text]<span style=\"font-size: medium;\"><b>Resumen:<br \/>\n<\/b><\/span><\/p>\n<p>El ejercicio conjunto de tsunami CARIBEWAVE\/LANTEX 13 consiste de la simulaci\u00f3n de un terremoto (regional para Puerto Rico e Islas V\u00edrgenes) en la costa de Aruba en el Mar Caribe que causa a su vez un tsunami. Seg\u00fan el esquema general el ejercicio, para Puerto Rico e Islas V\u00edrgenes, comienza con un gran terremoto de magnitud 8.5 ubicado en la latitud 13.35.0 \u00ba N y la longitud 69.95 \u00ba W con una profundidad de 10 km. Con epicentro a unos 91.7 km al N de Orangestad, Aruba, en el Mar Caribe. El terremoto se origina el 20 de marzo de 2013 a las 1300 UTC (9:00 am, hora local de Puerto Rico).Inmediatamente se genera un tsunami causado por el desplazamiento del suelo marino o levantamiento (\u201cuplift\u201d) de la falla geol\u00f3gica causante del terremoto. El ancho del desplazamiento o ruptura de la falla es de 100 km y la longitud del bloque es de 300 km.[\/vc_column_text][\/vc_column][\/vc_row][vc_row][vc_column][vc_column_text]<\/p>\n<h2 align=\"center\"><b>El ejercicio de comunicaciones se llev\u00f3 a cabo<br \/>\nel d\u00eda 20 de marzo del 2013 a las 9:00am.<\/b><\/h2>\n<p>[\/vc_column_text][\/vc_column][\/vc_row][vc_row][vc_column][vc_column_text]<span style=\"font-size: medium;\"><b>Presentaciones<br \/>\n<\/b><\/span><\/p>\n<ul>\n<li><a href=\"http:\/\/caribewave.uprm.edu\/wp-content\/uploads\/2018\/06\/Lantex13_rspr.pdf\">Presentaci\u00f3n General de la Red S\u00edsmica de Puerto Rico (15 de febrero de 2013)<\/a><\/li>\n<li><a href=\"http:\/\/caribewave.uprm.edu\/wp-content\/uploads\/2018\/06\/CaribeWave_2013Webinar1Espanol.pdf\">Presentaci\u00f3n Caribwave\/Lantex 13 del CTWP en Espa\u00f1ol (24 enero, 2013)<\/a><\/li>\n<\/ul>\n<p>[\/vc_column_text][vc_column_text]<span style=\"font-size: medium;\"><b>Modelos de Comunicados de Prensa:<br \/>\n<\/b><\/span><\/p>\n<ul>\n<li><a href=\"http:\/\/caribewave.uprm.edu\/wp-content\/uploads\/2018\/06\/Ejemplo_de_Comunicado_de_Prensa_Lantex13.pdf\">Para ver el Modelo de Comunicado de Prensa en Espa\u00f1ol presione aqu\u00ed..<\/a><\/li>\n<li><a href=\"http:\/\/caribewave.uprm.edu\/wp-content\/uploads\/2018\/06\/Sample_Press_Release_for_Local_Media_LANTEX13.pdf\">For the Sample Press Release for Local Media press here..<\/a><\/li>\n<\/ul>\n<p>[\/vc_column_text][vc_column_text]<span style=\"font-size: medium;\"><b>Para Municipios Tsunami Ready:<br \/>\n<\/b><\/span><\/p>\n<ul>\n<li><a href=\"http:\/\/caribewave.uprm.edu\/wp-content\/uploads\/2018\/06\/formEvaluacion-Simulacro.Final_-1.pdf\">Evaluaci\u00f3n de Simulacros<\/a><\/li>\n<\/ul>\n<p>[\/vc_column_text][vc_column_text]<span style=\"font-size: medium;\"><b>Para ejercicios de comunicaci\u00f3n:\u00a0<\/b><\/span><\/p>\n<ul>\n<li><a href=\"http:\/\/caribewave.uprm.edu\/wp-content\/uploads\/2018\/06\/Tabla_LANTEX13_ommes_aemead.pdf\">Evaluaci\u00f3n de Comunicaciones para Puerto Rico(para AEMEAD, Zonas AEMEAD y OMME&#8217;s)<\/a><\/li>\n<li><a href=\"http:\/\/caribewave.uprm.edu\/wp-content\/uploads\/2018\/06\/Tabla_LANTEX13_OTRAS_AGENCIAS_EMERGENCIA.pdf\">Evaluaci\u00f3n de Comunicaci\u00f3n para Puerto Rico(otras agencias de emergencia)<\/a><\/li>\n<li><a href=\"http:\/\/caribewave.uprm.edu\/wp-content\/uploads\/2018\/06\/Tabla_LANTEX13_PARTICIPANTES_EN_GENERAL.pdf\">Evaluaci\u00f3n de Comunicaciones para Puerto Rico (otras agencias y participantes en general)<\/a><\/li>\n<\/ul>\n<p>[\/vc_column_text][vc_column_text]<span style=\"font-size: medium;\"><b>Manuales:<br \/>\n<\/b><\/span><\/p>\n<ul>\n<li><a href=\"http:\/\/caribewave.uprm.edu\/wp-content\/uploads\/2018\/06\/CaribeWave13.pdf\">IOC Official Handbook (English):<\/a><\/li>\n<li><a href=\"http:\/\/caribewave.uprm.edu\/wp-content\/uploads\/2018\/06\/Guia_de_Puerto_Rico_LANTEX_13.pdf\">Gu\u00eda del Ejercicio Conjunto CARIBEWAVE\/LANTEX13_de_la_RSPR(Espa\u00f1ol):<\/a><\/li>\n<\/ul>\n<p>[\/vc_column_text][vc_column_text]<b>Otros Documentos:\u00a0<\/b>[\/vc_column_text][vc_single_image image=&#8221;1818&#8243; img_size=&#8221;full&#8221; alignment=&#8221;center&#8221; style=&#8221;vc_box_shadow_3d&#8221;][vc_column_text]<\/p>\n<ul>\n<li><a href=\"http:\/\/caribewave.uprm.edu\/wp-content\/uploads\/2018\/06\/Comunicado_LANTEX13_RSPR.pdf\">Comunicado de Prensa de la Red Sismica de PR (6 de marzo de 2013)<\/a><\/li>\n<li><a href=\"http:\/\/caribewave.uprm.edu\/wp-content\/uploads\/2018\/06\/EAS-Comunicado-LANTEX-2013-FINAL.pdf\">Comunicado de Prensa Ejercicio LANTEX13 (14 de marzo de 2013)<\/a><\/li>\n<li><a href=\"http:\/\/caribewave.uprm.edu\/wp-content\/uploads\/2018\/06\/niveles.pdf\">Niveles de Alerta de tsunamis<\/a><\/li>\n<\/ul>\n<p>[\/vc_column_text][\/vc_column][\/vc_row][vc_row][vc_column][\/vc_column][\/vc_row]<\/p>\n<\/div>","protected":false},"excerpt":{"rendered":"<p>[vc_row][vc_column][vc_column_text] LANTEX 2013 El d\u00eda 20 de marzo del 2013 a las 9:00 A.M. [\/vc_column_text][vc_column_text]Prop\u00f3sito: El prop\u00f3sito de este ejercicio es mejorar la efectividad del sistema de aviso de maremoto en Puerto Rico e Islas V\u00edrgenes, a lo largo de la costa atl\u00e1ntica de E.U. y Canad\u00e1 y el Golfo de M\u00e9xico. El ejercicio provee&hellip;<\/p>\n","protected":false},"author":1,"featured_media":0,"parent":1887,"menu_order":0,"comment_status":"closed","ping_status":"closed","template":"","meta":{"footnotes":""},"class_list":["post-1807","page","type-page","status-publish","hentry","description-off"],"_links":{"self":[{"href":"https:\/\/caribewave.uprm.edu\/index.php\/wp-json\/wp\/v2\/pages\/1807","targetHints":{"allow":["GET"]}}],"collection":[{"href":"https:\/\/caribewave.uprm.edu\/index.php\/wp-json\/wp\/v2\/pages"}],"about":[{"href":"https:\/\/caribewave.uprm.edu\/index.php\/wp-json\/wp\/v2\/types\/page"}],"author":[{"embeddable":true,"href":"https:\/\/caribewave.uprm.edu\/index.php\/wp-json\/wp\/v2\/users\/1"}],"replies":[{"embeddable":true,"href":"https:\/\/caribewave.uprm.edu\/index.php\/wp-json\/wp\/v2\/comments?post=1807"}],"version-history":[{"count":1,"href":"https:\/\/caribewave.uprm.edu\/index.php\/wp-json\/wp\/v2\/pages\/1807\/revisions"}],"predecessor-version":[{"id":4559,"href":"https:\/\/caribewave.uprm.edu\/index.php\/wp-json\/wp\/v2\/pages\/1807\/revisions\/4559"}],"up":[{"embeddable":true,"href":"https:\/\/caribewave.uprm.edu\/index.php\/wp-json\/wp\/v2\/pages\/1887"}],"wp:attachment":[{"href":"https:\/\/caribewave.uprm.edu\/index.php\/wp-json\/wp\/v2\/media?parent=1807"}],"curies":[{"name":"wp","href":"https:\/\/api.w.org\/{rel}","templated":true}]}}