{"id":1844,"date":"2018-06-14T14:43:12","date_gmt":"2018-06-14T18:43:12","guid":{"rendered":"http:\/\/caribewave.uprm.edu\/?page_id=1844"},"modified":"2024-02-13T21:14:29","modified_gmt":"2024-02-13T21:14:29","slug":"spanish-informacion-lantex11","status":"publish","type":"page","link":"https:\/\/caribewave.uprm.edu\/index.php\/spanish-informacion-simulacros\/spanish-informacion-lantex11\/","title":{"rendered":"LANTEX 2011"},"content":{"rendered":"<div class=\"wpb-content-wrapper\"><p>[vc_row][vc_column][vc_column_text]<\/p>\n<h1 align=\"left\">LANTEX 2011<br \/>\n<span style=\"font-size: small;\">El d\u00eda 24 de marzo del 2011 a las 9:00 A.M.<\/span><\/h1>\n<p>[\/vc_column_text][vc_column_text]<span style=\"font-size: medium;\"><b>Prop\u00f3sito:<br \/>\n<\/b><\/span><span lang=\"ES-PR\">El prop\u00f3sito de este ejercicio es mejorar la efectividad del sistema de aviso de maremoto en Puerto Rico e Islas V\u00edrgenes, a lo largo de la costa atl\u00e1ntica de E.U. y Canad\u00e1 y el Golfo de M\u00e9jico. El ejercicio provee una oportunidad para las organizaciones de manejo de emergencia a lo largo de la costa atl\u00e1ntica y PR\/IV para ejercitar sus l\u00edneas operacionales de comunicaci\u00f3n, revisar sus procedimientos de respuesta a maremoto y promover la preparaci\u00f3n a maremotos. El ejercicio regular de planes de respuesta es crucial para mantener la preparaci\u00f3n para una emergencia. Esto es particularmente cierto para maremoto que son eventos infrecuentes pero de gran impacto. Cada organizaci\u00f3n de manejo de emergencia es bienvenida a participar.\u00a0<\/span>[\/vc_column_text][\/vc_column][\/vc_row][vc_row][vc_column][vc_column_text]<span style=\"font-size: medium;\"><b>Resumen:<br \/>\n<\/b><\/span><\/p>\n<p><span lang=\"ES-PR\">Durante el 2011 el ejercicio LANTEX 2011 se realiz\u00f3 en conjunto con el ejercicio del CaribeWAVE 2011, seg\u00fan acordado en la quinta reuni\u00f3n del Grupo Intergubernamental de Coordinaci\u00f3n del Sistema de Alerta contra los Tsunamis y otras Amenazas Costeras en el Caribe y Regiones Adyacentes (ICG\/CARIBE EWS-V) que se celebr\u00f3 en Managua (Nicaragua) del 15 al 17 de marzo de 2010. Este ejercicio se llev\u00f3 a cabo para contribuir a las actividades de preparaci\u00f3n para casos de tsunami en toda la regi\u00f3n del Caribe, y garantizan la preparaci\u00f3n de las costas del Caribe para responder ante la llegada de un tsunami peligroso. Los eventos recientes, como los que se produjeron en el Oc\u00e9ano \u00cdndico en 2004 y en Samoa en 2009, y los terremotos y tsunamis ocurridos en 2010 en Hait\u00ed y Chile, atestiguan la importancia de una planificaci\u00f3n adecuada de la respuesta a los tsunamis.\u00a0<\/span>[\/vc_column_text][\/vc_column][\/vc_row][vc_row][vc_column][vc_column_text]<\/p>\n<h2 align=\"center\"><b>El ejercicio de comunicaciones se llev\u00f3 a cabo<br \/>\nel d\u00eda 23 de marzo del 2011 a las 9:00am.<\/b><\/h2>\n<p>[\/vc_column_text][\/vc_column][\/vc_row][vc_row][vc_column][vc_column_text]<span style=\"font-size: medium;\"><b>Presentaciones<br \/>\n<\/b><\/span><\/p>\n<ul>\n<li><a href=\"http:\/\/caribewave.uprm.edu\/wp-content\/uploads\/2018\/06\/LANTEX11_Respuesta_RSPR_web.pdf\">Presentaci\u00f3n General de la Red S\u00edsmica de Puerto Rico<\/a><\/li>\n<li><a href=\"http:\/\/caribewave.uprm.edu\/wp-content\/uploads\/2018\/06\/CaribeWave_and_LANTEX_2011_ENGLISH.pdf\">CTWP Presentation(English)<\/a><\/li>\n<\/ul>\n<p>[\/vc_column_text][vc_column_text]<span style=\"font-size: medium;\"><b>Modelos de Comunicados de Prensa:<br \/>\n<\/b><\/span><\/p>\n<ul>\n<li><a href=\"http:\/\/caribewave.uprm.edu\/wp-content\/uploads\/2018\/06\/Press-Release-Sample-LANTE11_CARIBEWAVE11.pdf\">Sample Press Release for Local Media<\/a><\/li>\n<li><a href=\"http:\/\/caribewave.uprm.edu\/wp-content\/uploads\/2018\/06\/Modelo-de-Comunicado-Prensa-LANTEX11_CARIBEWAVE11.pdf\">Modelo de Comunicado de Prensa en Espa\u00f1ol<\/a><\/li>\n<\/ul>\n<p>[\/vc_column_text][vc_column_text]<span style=\"font-size: medium;\"><b>Para Municipios Tsunami Ready:<br \/>\n<\/b><\/span><\/p>\n<ul>\n<li><a href=\"http:\/\/caribewave.uprm.edu\/wp-content\/uploads\/2018\/06\/evaluacion_simulacroTR.pdf\">Evaluaci\u00f3n de Simulacros<\/a><\/li>\n<li><a href=\"http:\/\/caribewave.uprm.edu\/wp-content\/uploads\/2018\/06\/Participacion_de_Municipios_TR_2011_web.pdf\">Participaci\u00f3n de los Municipios Tsunami Ready<\/a><\/li>\n<\/ul>\n<p>[\/vc_column_text][vc_column_text]<span style=\"font-size: medium;\"><b>Para ejercicios de comunicaci\u00f3n:<br \/>\n<\/b><\/span><\/p>\n<ul>\n<li><a href=\"http:\/\/caribewave.uprm.edu\/wp-content\/uploads\/2018\/06\/Tabla_cronologica_RSPR_LANTEX11.pdf\">Tabla cron\u00f3lgica de Mensajer\u00eda para PR\/IV<\/a><\/li>\n<li><a href=\"http:\/\/caribewave.uprm.edu\/wp-content\/uploads\/2018\/06\/Tabla_LANTEX11_ommes.pdf\">Evaluaci\u00f3n de Comunicaciones para Puerto Rico(para AEMEAD, Zonas AEMEAD y OMME&#8217;s)<\/a><\/li>\n<li><a href=\"http:\/\/caribewave.uprm.edu\/wp-content\/uploads\/2018\/06\/Tabla_LANTEX11_OTRAS_AGENCIAS_EMERGENCIA.pdf\">Evaluaci\u00f3n de Comunicaci\u00f3n para Puerto Rico(otras agencias de emergencia)<\/a><\/li>\n<li><a href=\"http:\/\/caribewave.uprm.edu\/wp-content\/uploads\/2018\/06\/Tabla_LANTEX11_PARTICIPANTES-EN-GENERAL-1.pdf\">Evaluaci\u00f3n de Comunicaciones para Puerto Rico (otras agencias y participantes en general)<\/a><\/li>\n<\/ul>\n<p>[\/vc_column_text][vc_column_text]<span style=\"font-size: medium;\"><b>Manuales:<br \/>\n<\/b><\/span><\/p>\n<ul>\n<li><a href=\"http:\/\/caribewave.uprm.edu\/wp-content\/uploads\/2018\/06\/MANUAL_CARIBE_WAVE_TS-93-ES.pdf\">Manual Oficial de IOC (Espa\u00f1ol)<\/a><\/li>\n<li><a href=\"http:\/\/caribewave.uprm.edu\/wp-content\/uploads\/2018\/06\/MANUAL_CARIBE_WAVE_TS-93-EN.pdf\">IOC Official Handbook (English)<\/a><\/li>\n<li><a href=\"http:\/\/caribewave.uprm.edu\/wp-content\/uploads\/2018\/06\/CARIBE_WAVE_TS-93_FR.pdf\">Manuel Officiel de IOC (Fran\u00e7ais)<\/a><\/li>\n<li><a href=\"http:\/\/caribewave.uprm.edu\/wp-content\/uploads\/2018\/06\/CaribeWave11Final.pdf\">Manual del Participante del WCATWC (English)<\/a><\/li>\n<li><a href=\"http:\/\/caribewave.uprm.edu\/wp-content\/uploads\/2018\/06\/Guia-de-Puerto-Rico-LANTEX-11_Final.pdf\">Gu\u00eda del Ejercicio Conjunto CARIBEWAVE11\/LANTEX11 de la RSPR (Espa\u00f1ol)<\/a><\/li>\n<\/ul>\n<p>[\/vc_column_text][vc_column_text]<span style=\"font-size: medium;\"><b>Informe Final:<br \/>\n<\/b><\/span><\/p>\n<ul>\n<li><a href=\"http:\/\/caribewave.uprm.edu\/wp-content\/uploads\/2018\/06\/Informe-ejercicio-LANTEX11.pdf\">Informe de la Red S\u00edsmica para el ejercicio Lantex 11<\/a><\/li>\n<\/ul>\n<p>[\/vc_column_text][vc_column_text]<span style=\"font-size: medium;\"><b>Otros Documentos:<\/b><\/span><\/p>\n<ul>\n<li><a href=\"http:\/\/caribewave.uprm.edu\/wp-content\/uploads\/2018\/06\/niveles.pdf\">Niveles de Alerta de tsunamis(Poster 2010)<\/a><\/li>\n<\/ul>\n<p>[\/vc_column_text][\/vc_column][\/vc_row][vc_row][vc_column][\/vc_column][\/vc_row]<\/p>\n<\/div>","protected":false},"excerpt":{"rendered":"<p>[vc_row][vc_column][vc_column_text] LANTEX 2011 El d\u00eda 24 de marzo del 2011 a las 9:00 A.M. [\/vc_column_text][vc_column_text]Prop\u00f3sito: El prop\u00f3sito de este ejercicio es mejorar la efectividad del sistema de aviso de maremoto en Puerto Rico e Islas V\u00edrgenes, a lo largo de la costa atl\u00e1ntica de E.U. y Canad\u00e1 y el Golfo de M\u00e9jico. El ejercicio provee&hellip;<\/p>\n","protected":false},"author":1,"featured_media":0,"parent":1887,"menu_order":0,"comment_status":"closed","ping_status":"closed","template":"","meta":{"footnotes":""},"class_list":["post-1844","page","type-page","status-publish","hentry","description-off"],"_links":{"self":[{"href":"https:\/\/caribewave.uprm.edu\/index.php\/wp-json\/wp\/v2\/pages\/1844","targetHints":{"allow":["GET"]}}],"collection":[{"href":"https:\/\/caribewave.uprm.edu\/index.php\/wp-json\/wp\/v2\/pages"}],"about":[{"href":"https:\/\/caribewave.uprm.edu\/index.php\/wp-json\/wp\/v2\/types\/page"}],"author":[{"embeddable":true,"href":"https:\/\/caribewave.uprm.edu\/index.php\/wp-json\/wp\/v2\/users\/1"}],"replies":[{"embeddable":true,"href":"https:\/\/caribewave.uprm.edu\/index.php\/wp-json\/wp\/v2\/comments?post=1844"}],"version-history":[{"count":1,"href":"https:\/\/caribewave.uprm.edu\/index.php\/wp-json\/wp\/v2\/pages\/1844\/revisions"}],"predecessor-version":[{"id":4561,"href":"https:\/\/caribewave.uprm.edu\/index.php\/wp-json\/wp\/v2\/pages\/1844\/revisions\/4561"}],"up":[{"embeddable":true,"href":"https:\/\/caribewave.uprm.edu\/index.php\/wp-json\/wp\/v2\/pages\/1887"}],"wp:attachment":[{"href":"https:\/\/caribewave.uprm.edu\/index.php\/wp-json\/wp\/v2\/media?parent=1844"}],"curies":[{"name":"wp","href":"https:\/\/api.w.org\/{rel}","templated":true}]}}