{"id":1878,"date":"2018-06-15T16:46:37","date_gmt":"2018-06-15T20:46:37","guid":{"rendered":"http:\/\/caribewave.uprm.edu\/?page_id=1878"},"modified":"2024-02-13T21:16:10","modified_gmt":"2024-02-13T21:16:10","slug":"spanish-informacion-lantex09","status":"publish","type":"page","link":"https:\/\/caribewave.uprm.edu\/index.php\/spanish-informacion-simulacros\/spanish-informacion-lantex09\/","title":{"rendered":"LANTEX 2009"},"content":{"rendered":"<div class=\"wpb-content-wrapper\"><p>[vc_row][vc_column][vc_column_text]<\/p>\n<h1 align=\"left\">LANTEX 2009<\/h1>\n<p>[\/vc_column_text][vc_column_text]<\/p>\n<h3 style=\"font-weight: 400;\"><strong>Prop\u00f3sito:<\/strong><\/h3>\n<p style=\"font-weight: 400;\">El prop\u00f3sito de este ejercicio es mejorar la efectividad del sistema de aviso de maremoto en Puerto Rico e Islas V\u00edrgenes, a lo largo de la costa atl\u00e1ntica de E.U. y Canad\u00e1 y el Golfo de M\u00e9jico. El ejercicio provee una oportunidad para las organizaciones de manejo de emergencia a lo largo de la costa atl\u00e1ntica y PR\/IV para ejercitar sus l\u00edneas operacionales de comunicaci\u00f3n, revisar sus procedimientos de respuesta a maremoto y promover la preparaci\u00f3n a maremotos. El ejercicio regular de planes de respuesta es crucial para mantener la preparaci\u00f3n para una emergencia. Esto es particularmente cierto para maremoto que son eventos infrecuentes pero de gran impacto. Cada organizaci\u00f3n de manejo de emergencia es bienvenida a participar.<\/p>\n<p>[\/vc_column_text][\/vc_column][\/vc_row][vc_row][vc_column][vc_column_text]<span style=\"font-size: medium;\"><b>Documentos:<br \/>\n<\/b><\/span><\/p>\n<ul>\n<li><a href=\"http:\/\/caribewave.uprm.edu\/wp-content\/uploads\/2018\/06\/Manual_LANTEX09_Espanol.pdf\">Manual Lantex 2009<\/a><\/li>\n<li><a href=\"http:\/\/caribewave.uprm.edu\/wp-content\/uploads\/2018\/06\/LANTEX_2009.pdf\">Manual Lantex 2009 (en ingl\u00e9s)<\/a><\/li>\n<li><a href=\"http:\/\/caribewave.uprm.edu\/wp-content\/uploads\/2018\/06\/Guia_de_Puerto_Rico_LANTEX09.pdf\">Gu\u00eda para Puerto Rico para el ejercicio de Lantex 2009<\/a><\/li>\n<li><a href=\"http:\/\/caribewave.uprm.edu\/wp-content\/uploads\/2018\/06\/Informe-ejercicio-LANTEX09.pdf\">Informe de la Red S\u00edsmica de Puerto Rico para el ejercicio de Lantex 2009<\/a><\/li>\n<\/ul>\n<p>[\/vc_column_text][\/vc_column][\/vc_row][vc_row][vc_column][\/vc_column][\/vc_row]<\/p>\n<\/div>","protected":false},"excerpt":{"rendered":"<p>[vc_row][vc_column][vc_column_text] LANTEX 2009 [\/vc_column_text][vc_column_text] Prop\u00f3sito: El prop\u00f3sito de este ejercicio es mejorar la efectividad del sistema de aviso de maremoto en Puerto Rico e Islas V\u00edrgenes, a lo largo de la costa atl\u00e1ntica de E.U. y Canad\u00e1 y el Golfo de M\u00e9jico. El ejercicio provee una oportunidad para las organizaciones de manejo de emergencia a&hellip;<\/p>\n","protected":false},"author":1,"featured_media":0,"parent":1887,"menu_order":0,"comment_status":"closed","ping_status":"closed","template":"","meta":{"footnotes":""},"class_list":["post-1878","page","type-page","status-publish","hentry","description-off"],"_links":{"self":[{"href":"https:\/\/caribewave.uprm.edu\/index.php\/wp-json\/wp\/v2\/pages\/1878","targetHints":{"allow":["GET"]}}],"collection":[{"href":"https:\/\/caribewave.uprm.edu\/index.php\/wp-json\/wp\/v2\/pages"}],"about":[{"href":"https:\/\/caribewave.uprm.edu\/index.php\/wp-json\/wp\/v2\/types\/page"}],"author":[{"embeddable":true,"href":"https:\/\/caribewave.uprm.edu\/index.php\/wp-json\/wp\/v2\/users\/1"}],"replies":[{"embeddable":true,"href":"https:\/\/caribewave.uprm.edu\/index.php\/wp-json\/wp\/v2\/comments?post=1878"}],"version-history":[{"count":1,"href":"https:\/\/caribewave.uprm.edu\/index.php\/wp-json\/wp\/v2\/pages\/1878\/revisions"}],"predecessor-version":[{"id":4563,"href":"https:\/\/caribewave.uprm.edu\/index.php\/wp-json\/wp\/v2\/pages\/1878\/revisions\/4563"}],"up":[{"embeddable":true,"href":"https:\/\/caribewave.uprm.edu\/index.php\/wp-json\/wp\/v2\/pages\/1887"}],"wp:attachment":[{"href":"https:\/\/caribewave.uprm.edu\/index.php\/wp-json\/wp\/v2\/media?parent=1878"}],"curies":[{"name":"wp","href":"https:\/\/api.w.org\/{rel}","templated":true}]}}