{"id":1966,"date":"2019-02-13T14:00:14","date_gmt":"2019-02-13T18:00:14","guid":{"rendered":"http:\/\/caribewave.uprm.edu\/?page_id=1966"},"modified":"2024-02-13T21:09:33","modified_gmt":"2024-02-13T21:09:33","slug":"caribewave2018","status":"publish","type":"page","link":"https:\/\/caribewave.uprm.edu\/index.php\/spanish-informacion-simulacros\/caribewave2018\/","title":{"rendered":"Caribe Wave 2018"},"content":{"rendered":"<div class=\"wpb-content-wrapper\"><p>[vc_row][vc_column][vc_column_text]<\/p>\r\n<p>[\/vc_column_text][\/vc_column][\/vc_row][vc_row][vc_column][vc_column_text]<\/p>\n<h1 align=\"left\">CARIBEWAVE 2018 <span style=\"font-size: small;\">El d\u00eda 15 de marzo del 2018 a las 10:00 A.M.<\/span><\/h1>\n<p>[\/vc_column_text][vc_column_text]<span style=\"font-size: medium;\"><b>Prop\u00f3sito: <\/b><\/span> El prop\u00f3sito del ejercicio CARIBE WAVE es mejorar la eficacia del Sistema de Alerta de Tsunami a lo largo de las costas del Caribe. El ejercicio brinda una oportunidad para que las organizaciones de gesti\u00f3n de emergencias de toda la regi\u00f3n prueben sus l\u00edneas de comunicaciones operacionales, revisar sus procedimientos de respuesta ante un tsunami, y promover la preparaci\u00f3n ante los tsunamis. Realizar ejercicios de forma regular es cr\u00edtico para mantener una preparaci\u00f3n adecuada ante las emergencias. Esto es particularmente cierto para el Caribe y Regiones Adyacentes, en d\u00f3nde los tsunamis son poco frecuentes, pero pueden tener muy alto impacto. Se invita a todas las organizaciones de manejo de emergencias (EMO) a participar en este ejercicio. [\/vc_column_text][\/vc_column][\/vc_row][vc_row][vc_column][vc_column_text]<\/p>\n<p>[\/vc_column_text][\/vc_column][\/vc_row][vc_row][vc_column][vc_column_text]<span style=\"font-size: medium;\"><b>Resumen: <\/b><\/span> Para el Ejercicio CARIBE WAVE 2018 hay tres escenarios propuestos para los participantes: el Escenario de Barbados, el Escenario de Colombia y el Escenario de Puerto Rico. En el primer escenario el tsunami es generado por un terremoto localizado al Este-Sureste de Barbados, en el segundo escenario el tsunami es generado por un terremoto al Norte de Colombia y el tercer escenario es de un tsunami generado por un terremoto al Oeste de Puerto Rico. Los participantes pueden elegir en qu\u00e9 escenario participar seg\u00fan las necesidades de su regi\u00f3n o agencia. Los participantes de la Regi\u00f3n de Puerto Rico e Islas V\u00edrgenes (Puerto Rico, Islas V\u00edrgenes Estadounidenses e Islas V\u00edrgenes Brit\u00e1nicas) utilizar\u00e1n el Escenario de Puerto Rico seg\u00fan acordado con la RSPR. Los manuales de participantes son herramientas base para su participaci\u00f3n en el Ejercicio CARIBE WAVE 2018. Para este ejercicio CARIBE WAVE 2018 se utilizan como referencia las observaciones relativas al terremoto y tsunami ocurridos en Puerto Rico en octubre de 1918. Este terremoto tuvo una magnitud estimada de 7.3 y produjo un tsunami con altura aproximada de 20 pies en la costa oeste de Puerto Rico. Para efectos de la Regi\u00f3n de Puerto Rico e Islas V\u00edrgenes un terremoto con epicentro en el Ca\u00f1\u00f3n de Mona, al Oeste de Puerto Rico, es considerado un terremoto local. El escenario del terremoto que estaremos utilizando para Puerto Rico e Islas V\u00edrgenes, seg\u00fan el Ejercicio, es el siguiente: [\/vc_column_text][\/vc_column][\/vc_row][vc_row][vc_column][vc_column_text]<\/p>\n<p>[\/vc_column_text][\/vc_column][\/vc_row][vc_row][vc_column][vc_column_text]<\/p>\n<h2 align=\"center\"><b>El ejercicio de comunicaciones se llev\u00f3 a cabo el d\u00eda 15 de marzo del 2018 a las 10:00am.<\/b><\/h2>\n<p>[\/vc_column_text][\/vc_column][\/vc_row][vc_row][vc_column][vc_column_text]<\/p>\n<p>[\/vc_column_text][\/vc_column][\/vc_row][vc_row][vc_column][vc_column_text]<\/p>\n<p><span style=\"font-size: medium;\"><b>Documentos Generales<br \/><\/b><\/span><\/p>\n<ul>\n<li><a href=\"http:\/\/caribewave.uprm.edu\/wp-content\/uploads\/2019\/02\/2.Descripci\u00f3n-del-Terremoto-2018.docx\">Descripci\u00f3n del Terremoto<\/a><\/li>\n<li><a href=\"http:\/\/caribewave.uprm.edu\/wp-content\/uploads\/2019\/02\/1.Esquema-general-del-Ejercicio-2018.pdf\">Esquema general del Ejercicio<\/a><\/li>\n<\/ul>\n<p>[\/vc_column_text][vc_column_text]<\/p>\n<p><span style=\"font-size: medium;\"><b>Presentaciones<br \/><\/b><\/span><\/p>\n<ul>\n<li><a href=\"http:\/\/caribewave.uprm.edu\/wp-content\/uploads\/2018\/03\/CARIBEWAVE_2018_RSPR_NMEAD.pdf\">Presentaci\u00f3n de la RSPR sobre el Ejercicio CARIBEWAVE<\/a><\/li>\n<li><a href=\"http:\/\/caribewave.uprm.edu\/wp-content\/uploads\/2019\/02\/CW18_Web1_Spa_Jan23.pdf\">Presentaci\u00f3n de CTWP Webinar I<\/a><\/li>\n<li><a href=\"http:\/\/caribewave.uprm.edu\/wp-content\/uploads\/2019\/02\/CaribeWave18_Web2_Spa_final.pdf\">Presentaci\u00f3n de CTWP Webinar II<\/a><\/li>\n<\/ul>\n<p>[\/vc_column_text][vc_column_text]<\/p>\n<p><span style=\"font-size: medium;\"><b>Niveles de Mensajer\u00eda<br \/><\/b><\/span><br \/><b>Tablas de los niveles de alerta de tsunami para Puerto Rico y el Caribe<\/b><\/p>\n<ul>\n<li><a href=\"http:\/\/caribewave.uprm.edu\/wp-content\/uploads\/2019\/02\/NivelesDeMensajeria.pdf\">Para ver tablas de los niveles de alerta haga click aqui..<\/a><\/li>\n<\/ul>\n<p>[\/vc_column_text][vc_column_text]<\/p>\n<p><span style=\"font-size: medium;\"><b>Para la Prensa y Medios de Comunicaci\u00f3n<br \/><\/b><\/span><\/p>\n<ul>\n<li><a href=\"http:\/\/caribewave.uprm.edu\/wp-content\/uploads\/2019\/02\/2.-pauta-radial-CW-2018.pdf\">Pauta Radial<\/a><\/li>\n<li><a href=\"http:\/\/caribewave.uprm.edu\/wp-content\/uploads\/2018\/02\/Anuncio_CARIBEWAVE18.png\">Anuncio<\/a><\/li>\n<li><a href=\"http:\/\/caribewave.uprm.edu\/wp-content\/uploads\/2018\/02\/Anuncio_INGLES_CARIBEWAVE_2018-FB.pdf\">Advertisement<\/a><\/li>\n<li><a href=\"http:\/\/caribewave.uprm.edu\/wp-content\/uploads\/2019\/02\/Comunicado_RSPR_Caribe_Wave_2018.pdf\">Red S\u00edsmica destaca importancia del Ejercicio Conjunto de Tsunami CARIBEWAVE 2016<\/a><\/li>\n<li><a href=\"http:\/\/caribewave.uprm.edu\/wp-content\/uploads\/2019\/02\/6.-EJEMPLO-DE-COMUNICADO-DE-PRENSA-CARIBEWAVE-2018.pdf\">Ejemplo de comunicado de prensa<\/a><\/li>\n<li><a href=\"http:\/\/caribewave.uprm.edu\/wp-content\/uploads\/2018\/06\/PorqueParticipar.pdf\">Hoja informativa: \u00bfPor qu\u00e9 participar?<\/a><\/li>\n<li><a href=\"http:\/\/caribewave.uprm.edu\/wp-content\/uploads\/2019\/02\/2.-pauta-radial-CW-2018.pdf\">EAS comunicado de prensa conjunto<\/a><\/li>\n<\/ul>\n<p>[\/vc_column_text][vc_column_text]<\/p>\n<p><span style=\"font-size: medium;\"><b>Para la Participaci\u00f3n en Simulacros o Ejercicios Funcionales<br \/><\/b><\/span><br \/><b>Evaluaci\u00f3n de desalojo para municipios y escuelas en areas costeras<\/b><\/p>\n<ul>\n<li><a href=\"http:\/\/caribewave.uprm.edu\/wp-content\/uploads\/2019\/02\/1.-Evaluacion_simulacro_desalojo_areas_costera_terremoto_y_tsunami-2018.pdf\">Para ver la evaluaci\u00f3n de desalojo oprima aqu\u00ed&#8230;<\/a><\/li>\n<\/ul>\n<p><b>Evaluaci\u00f3n de desalojo para municipios y escuelas en areas NO costeras<\/b><\/p>\n<ul>\n<li><a href=\"http:\/\/caribewave.uprm.edu\/wp-content\/uploads\/2019\/02\/2.-Evaluacion_simulacro_desalojo_solo_terremoto-2018.pdf\">Para ver la evaluaci\u00f3n de desalojo oprima aqu\u00ed&#8230;<\/a><\/li>\n<\/ul>\n<p><b>Plan de Emergencias<\/b><\/p>\n<ul>\n<li><a href=\"http:\/\/caribewave.uprm.edu\/wp-content\/uploads\/2018\/06\/PlanDeEmergencias.pdf\">Para ver el plan de emergencia familiar oprima aqu\u00ed&#8230;<\/a><\/li>\n<\/ul>\n<p><b>Distant Tsunami Evacuation Responsabilities Checklist for Government Disaster Response Agencies<\/b><\/p>\n<ul>\n<li><a href=\"http:\/\/caribewave.uprm.edu\/wp-content\/uploads\/2018\/06\/DistantTsunamiEvacuationResponsibilitesChecklist.pdf\">To access the checklist please click here&#8230;<\/a><\/li>\n<\/ul>\n<p>[\/vc_column_text][vc_column_text]<\/p>\n<p><span style=\"font-size: medium;\"><b>Para Ejercicios de Comunicaci\u00f3n de la RSPR<br \/><\/b><\/span><br \/><b>Tabla de Cronolog\u00eda de Mensajer\u00eda de Tsunami emitida para PR\/IV durante el ejercicio<\/b><\/p>\n<ul>\n<li><a href=\"http:\/\/caribewave.uprm.edu\/wp-content\/uploads\/2019\/02\/4.Cronologia-del-Ejercicio-2018.pdf\">Para ver tabla cronol\u00f3gica haga click aqu\u00ed&#8230;<\/a><\/li>\n<\/ul>\n<p><b>Evaluaci\u00f3n de comunicaciones para Control Estatal de AEMEAD en Puerto Rico<\/b><\/p>\n<ul>\n<li><a href=\"http:\/\/caribewave.uprm.edu\/wp-content\/uploads\/2018\/03\/Evaluacion_Comunicaciones_CARIBEWAVE_2018_participantes_general-1.pdf\">Para ver la evaluaci\u00f3n de comunicaciones haga click aqu\u00ed&#8230;<\/a><\/li>\n<\/ul>\n<p><b>Evaluaci\u00f3n de comunicaciones para Zonas de AEMEAD, OMME&#8217;s y Puntos Focales de Alerta de Tsunami en Puerto Rico<\/b><\/p>\n<ul>\n<li><a href=\"http:\/\/caribewave.uprm.edu\/wp-content\/uploads\/2018\/03\/Evaluacion_Comunicaciones_CARIBEWAVE_2018__ommes_y_zonas_nmead_y_TWFP.pdf\">Para ver la evaluaci\u00f3n de comunicaciones haga click aqu\u00ed&#8230;<\/a><\/li>\n<\/ul>\n<p><b>Evaluaci\u00f3n de comunicaciones para otras agencias de emergencia en Puerto Rico e Islas V\u00edrgenes<\/b><\/p>\n<ul>\n<li><a href=\"http:\/\/caribewave.uprm.edu\/wp-content\/uploads\/2018\/03\/Evaluacion_Comunicaciones_CARIBEWAVE_2018_otras_agencias_emergencia.pdf\">Para ver la evaluaci\u00f3n de comunicaciones haga click aqu\u00ed&#8230;<\/a><\/li>\n<\/ul>\n<p><b>Evaluaci\u00f3n de comunicaciones para otras agencias y p\u00fablico general en Puerto Rico e Islas V\u00edrgenes<\/b><\/p>\n<ul>\n<li><a href=\"http:\/\/caribewave.uprm.edu\/wp-content\/uploads\/2018\/03\/Evaluacion_Comunicaciones_CARIBEWAVE_2018_participantes_general-1.pdf\">Para ver las evaluaciones de comunicaciones haga click aqu\u00ed&#8230;<\/a><\/li>\n<\/ul>\n<p>[\/vc_column_text][vc_column_text]<\/p>\n<p><span style=\"font-size: medium;\"><b>Evaluaci\u00f3n General Final del Ejercicio<br \/><\/b><\/span><br \/><b>Evaluaci\u00f3n general final<\/b><\/p>\n<p>Se ruega a los organismos participantes a proporcionar una breve evaluaci\u00f3n sobre el ejercicio. Sus comentarios ayudar\u00f3n al ICG\/CARIBE- EWS, NTHMP, y la NOAA en la evaluaci\u00f3n del CaribeWave 2016. As\u00ed como en el desarrollo de ejercicios posteriores, adem\u00e1s de ayudar a las agencias de respuesta a documentar las lecciones aprendidas.<\/p>\n<ul>\n<li><a href=\"https:\/\/www.surveymonkey.com\/r\/CaribeWave18\">Para ver la evaluaci\u00f3n oficial final haga click aqu\u00ed&#8230;<\/a><\/li>\n<\/ul>\n<p><span style=\"font-size: medium;\"><b>Evaluaci\u00f3n Final para el Ejercicio de Comunicaciones<br \/><\/b><\/span><br \/><b>Evaluaci\u00f3n general final de comunicaciones<\/b><\/p>\n<p>Esta evaluaci\u00f3n NO ES para ser utilizada por CONTROL ESTATAL DE AEMEAD, ZONAS DE AEMEAD, OMMES o TWFP (Puntos focales de Alerta de Tsunami en Puerto Rico). Favor de ver el enlace privado para este fin o comunicarse con el Director de Zona de AEMEAD correspondiente o con la Red S\u00edsmica de Puerto Rico.<\/p>\n<p>Esta evaluaci\u00f3n DEBE SER COMPLETADA y UTILIZADA por todas aquellas agencias primarias y secundarias de respuesta a emergencia (COE-PR, Bomberos, Polic\u00eda, 911, Emergencias M\u00e9dicas, AEE, entre otras) para otras agencias estatales, federales, p\u00fablicas y privadas, as\u00ed como para las comunidades y el p\u00fablico general en Puerto Rico e Islas V\u00edrgenes.<\/p>\n<p>[\/vc_column_text][\/vc_column][\/vc_row][vc_row][vc_column][vc_column_text]<\/p>\n<p>[\/vc_column_text][\/vc_column][\/vc_row]<\/p>\n<\/div>","protected":false},"excerpt":{"rendered":"<p>[vc_row][vc_column][vc_column_text]<\/p>\n","protected":false},"author":1,"featured_media":0,"parent":1887,"menu_order":0,"comment_status":"closed","ping_status":"closed","template":"","meta":{"footnotes":""},"class_list":["post-1966","page","type-page","status-publish","hentry","description-off"],"_links":{"self":[{"href":"https:\/\/caribewave.uprm.edu\/index.php\/wp-json\/wp\/v2\/pages\/1966","targetHints":{"allow":["GET"]}}],"collection":[{"href":"https:\/\/caribewave.uprm.edu\/index.php\/wp-json\/wp\/v2\/pages"}],"about":[{"href":"https:\/\/caribewave.uprm.edu\/index.php\/wp-json\/wp\/v2\/types\/page"}],"author":[{"embeddable":true,"href":"https:\/\/caribewave.uprm.edu\/index.php\/wp-json\/wp\/v2\/users\/1"}],"replies":[{"embeddable":true,"href":"https:\/\/caribewave.uprm.edu\/index.php\/wp-json\/wp\/v2\/comments?post=1966"}],"version-history":[{"count":1,"href":"https:\/\/caribewave.uprm.edu\/index.php\/wp-json\/wp\/v2\/pages\/1966\/revisions"}],"predecessor-version":[{"id":4556,"href":"https:\/\/caribewave.uprm.edu\/index.php\/wp-json\/wp\/v2\/pages\/1966\/revisions\/4556"}],"up":[{"embeddable":true,"href":"https:\/\/caribewave.uprm.edu\/index.php\/wp-json\/wp\/v2\/pages\/1887"}],"wp:attachment":[{"href":"https:\/\/caribewave.uprm.edu\/index.php\/wp-json\/wp\/v2\/media?parent=1966"}],"curies":[{"name":"wp","href":"https:\/\/api.w.org\/{rel}","templated":true}]}}