{"id":202,"date":"2016-02-23T17:42:22","date_gmt":"2016-02-23T21:42:22","guid":{"rendered":"http:\/\/wordpress.uprm.edu\/caribewave\/?page_id=202"},"modified":"2026-03-19T00:20:05","modified_gmt":"2026-03-19T00:20:05","slug":"medios","status":"publish","type":"page","link":"https:\/\/caribewave.uprm.edu\/index.php\/puerto-rico\/medios\/","title":{"rendered":"Medios y Prensa"},"content":{"rendered":"<div class=\"wpb-content-wrapper\"><p>[vc_row margin_top=&#8221;55&#8243;][vc_column][vc_custom_heading text=&#8221;Activaci\u00f3n del Emergency Alert System (EAS)&#8221; google_fonts=&#8221;font_family:Montserrat%3Aregular%2C700|font_style:400%20regular%3A400%3Anormal&#8221;][vc_column_text]Para este ejercicio se activar\u00e1 el sistema de EAS en coordinaci\u00f3n con la Asociaci\u00f3n de Radiodifusores a trav\u00e9s de los medios de comunicaci\u00f3n: radio, televisi\u00f3n, cable TV y radios NOAA. Se utilizar\u00e1 el c\u00f3digo de alerta real de tsunami, TSW, durante el ejercicio. <strong>Este mensaje ser\u00e1 emitido a partir de las 11:00 AM el 19 de marzo de 2026, por el Servicio Nacional de Meteorolog\u00eda, Oficina de Pron\u00f3sticos de San Juan, para anunciar el inicio del ejercicio.<\/strong>\u00a0 La activaci\u00f3n del EAS es una manera de verificar que en una situaci\u00f3n cr\u00edtica real se podr\u00e1n utilizar los medios de comunicaci\u00f3n para informar a la ciudadan\u00eda. Es importante aclarar que la RSPR no est\u00e1 facultada para emitir este producto; por lo tanto, esta emisi\u00f3n se coordina a trav\u00e9s de NMEAD y el Servicio Nacional de Meteorolog\u00eda, Oficina de Pron\u00f3sticos de San Juan.<\/p>\n<p>En caso de un <strong>evento real, el EAS se activa con el primer mensaje de AVISO\/ADVERTENCIA\/VIGILANCIA<\/strong> de tsunami para Puerto Rico y las Islas V\u00edrgenes.<\/p>\n<p>Se exhorta a cada municipio costero del Programa Tsunami Ready a que pruebe las <strong>sirenas costeras (fijas o m\u00f3viles)<\/strong> durante el<strong> Ejercicio CARIBE WAVE 2026 a <\/strong>partir de las <strong>11:00 am<\/strong>.<\/p>\n<p><strong>Se le exhorta a la comunidad en general a permanecer atentos a la activaci\u00f3n del sistema EAS-PR, WEA-PR, de los Radios NOAA y de las Sirenas Costeras el 19 de marzo de 2026 como parte del Ejercicio CARIBE WAVE 2026.<\/strong>[\/vc_column_text][\/vc_column][\/vc_row][vc_row][vc_column width=&#8221;1\/3&#8243;][\/vc_column][vc_column width=&#8221;1\/3&#8243;][vc_single_image image=&#8221;404&#8243; img_size=&#8221;medium&#8221; alignment=&#8221;center&#8221; onclick=&#8221;custom_link&#8221; link=&#8221;http:\/\/caribewave.uprm.edu\/wp-content\/uploads\/2018\/03\/1.-EAS-Datos_Sitema_Alerta_Emergencia.pdf&#8221;][vc_column_text]<\/p>\n<p style=\"text-align: justify;\">Descarga los datos sobre el <em>Sistema de Alerta de Emergencias<\/em> presionando sobre la imagen.<\/p>\n<p>[\/vc_column_text][\/vc_column][vc_column width=&#8221;1\/3&#8243;]<div class=\"ult-content-box-container \" >\t\t<div class=\"ult-content-box\" style=\"-webkit-transition: all 700ms ease;-moz-transition: all 700ms ease;-ms-transition: all 700ms ease;-o-transition: all 700ms ease;transition: all 700ms ease;\"    >\t\t<\/div><\/div>[\/vc_column][\/vc_row][vc_row][vc_column][vc_column_text][\/vc_column_text][vc_custom_heading text=&#8221;Comunicados de Prensa&#8221; google_fonts=&#8221;font_family:Montserrat%3Aregular%2C700|font_style:400%20regular%3A400%3Anormal&#8221;][\/vc_column][\/vc_row][vc_row][vc_column width=&#8221;1\/3&#8243;][vc_single_image image=&#8221;5683&#8243; img_size=&#8221;medium&#8221; alignment=&#8221;center&#8221; onclick=&#8221;custom_link&#8221; link=&#8221;http:\/\/caribewave.uprm.edu\/wp-content\/uploads\/2026\/03\/Comunicado-de-Prensa-del-Gobierno-de-PR-CW2026.pdf&#8221;][vc_column_text]Descarga el comunicado oficial multiagencias presionando sobre la imagen[\/vc_column_text][\/vc_column][vc_column width=&#8221;1\/3&#8243;][vc_single_image image=&#8221;5467&#8243; img_size=&#8221;medium&#8221; alignment=&#8221;center&#8221; onclick=&#8221;custom_link&#8221; css=&#8221;.vc_custom_1773288143709{padding-bottom: 12px !important;}&#8221; link=&#8221;http:\/\/caribewave.uprm.edu\/wp-content\/uploads\/2026\/03\/CP-Caribe-Wave-Febrero-2026.pdf&#8221;][vc_column_text]Descarga el comunicado oficial de UPRM &#8211;<em>Red S\u00edsmica del RUM invita a registrarse y participar del ejercicio de tsunami Caribe Wave 2026- <\/em>presionando sobre la imagen.[\/vc_column_text][\/vc_column][\/vc_row][vc_row margin_top=&#8221;55&#8243;][vc_column][vc_custom_heading text=&#8221;Pautas Radiales*&#8221; google_fonts=&#8221;font_family:Montserrat%3Aregular%2C700|font_style:400%20regular%3A400%3Anormal&#8221;][vc_column_text]<\/p>\n<h4 style=\"text-align: justify;\"><strong>Por Servicio P\u00fablico<\/strong><\/h4>\n<p>El 19 de marzo a partir de las 11:00 am, se llevar\u00e1 a cabo el Ejercicio de Tsunamis, <strong>CARIBE WAVE 2026<\/strong>. Este ejercicio tiene como objetivos: evaluar los sistemas de comunicaciones entre agencias de emergencia y promover la preparaci\u00f3n de la comunidad ante un tsunami. El EAS-Puerto Rico se activar\u00e1 como parte de este ejercicio a partir de las 11 AM.\u00a0 Para inscribirse como participante y recibir m\u00e1s informaci\u00f3n sobre el Ejercicio Caribe Wave 2026, visite nuestra p\u00e1gina de internet: <strong>caribewave.uprm.edu<\/strong>. Reg\u00edstrate hoy para participar del ejercicio anual de tsunamis.<\/p>\n<p>Mensaje de servicio p\u00fablico auspiciado por la Asociaci\u00f3n de Radiodifusores de Puerto Rico.<\/p>\n<p>*Actualmente las pautas radiales se est\u00e1n transmitiendo por las emisoras afiliadas a la Asociaci\u00f3n de Radiodifusores de Puerto Rico como un servicio p\u00fablico.<\/p>\n<p>Oprima sobre los siguientes enlaces para escuchar cada pauta radial disponible:[\/vc_column_text][\/vc_column][\/vc_row][vc_row margin_top=&#8221;55&#8243;][vc_column width=&#8221;1\/3&#8243;][vc_video link=&#8221;https:\/\/youtu.be\/UBlUiQ9arIA?si=Hj4k_pDJb4e0Sjwl&#8221; el_width=&#8221;60&#8243;][\/vc_column][vc_column width=&#8221;1\/3&#8243;][vc_video link=&#8221;https:\/\/youtu.be\/Ed5-_DxNcwA?si=Bqsl4t8dNP4-5A24&#8243; el_width=&#8221;60&#8243;][\/vc_column][vc_column width=&#8221;1\/3&#8243;][vc_video link=&#8221;https:\/\/youtu.be\/9ZjjMAFLnj8?si=0_RJU3ye5ahE8L4n&#8221; el_width=&#8221;60&#8243;][\/vc_column][\/vc_row][vc_row margin_top=&#8221;36&#8243;][vc_column][vc_custom_heading text=&#8221;Anuncios&#8221; google_fonts=&#8221;font_family:Montserrat%3Aregular%2C700|font_style:400%20regular%3A400%3Anormal&#8221;][vc_column_text]Presiona sobre la imagen para descargar los anuncios en formato PDF.[\/vc_column_text][\/vc_column][\/vc_row][vc_row margin_top=&#8221;32&#8243;][vc_column width=&#8221;1\/2&#8243;][vc_single_image image=&#8221;5321&#8243; img_size=&#8221;medium&#8221; alignment=&#8221;center&#8221; onclick=&#8221;custom_link&#8221; link=&#8221;http:\/\/caribewave.uprm.edu\/wp-content\/uploads\/2026\/03\/Flyer_ESPA_CaribeWave_2026_EAS.pdf&#8221;][\/vc_column][vc_column width=&#8221;1\/2&#8243;][vc_single_image image=&#8221;5326&#8243; img_size=&#8221;medium&#8221; alignment=&#8221;center&#8221; onclick=&#8221;custom_link&#8221; link=&#8221;http:\/\/caribewave.uprm.edu\/wp-content\/uploads\/2026\/03\/Anuncio_CaribeWave_2026_NO_EAS.pdf&#8221;][\/vc_column][\/vc_row][vc_row margin_top=&#8221;32&#8243;][vc_column width=&#8221;1\/2&#8243;][vc_single_image image=&#8221;5314&#8243; img_size=&#8221;medium&#8221; alignment=&#8221;center&#8221; onclick=&#8221;custom_link&#8221; link=&#8221;http:\/\/caribewave.uprm.edu\/wp-content\/uploads\/2026\/03\/Inscribase-CW-1.png&#8221;][\/vc_column][vc_column width=&#8221;1\/2&#8243;][vc_single_image image=&#8221;5315&#8243; img_size=&#8221;medium&#8221; alignment=&#8221;center&#8221; onclick=&#8221;custom_link&#8221; link=&#8221;http:\/\/caribewave.uprm.edu\/wp-content\/uploads\/2026\/03\/CW-promo-7.png&#8221;][\/vc_column][\/vc_row]<\/p>\n<\/div>","protected":false},"excerpt":{"rendered":"<p>[vc_row margin_top=&#8221;55&#8243;][vc_column][vc_custom_heading text=&#8221;Activaci\u00f3n del Emergency Alert System (EAS)&#8221; google_fonts=&#8221;font_family:Montserrat%3Aregular%2C700|font_style:400%20regular%3A400%3Anormal&#8221;][vc_column_text]Para este ejercicio se activar\u00e1 el sistema de EAS en coordinaci\u00f3n con la Asociaci\u00f3n de Radiodifusores a trav\u00e9s de los medios de comunicaci\u00f3n: radio, televisi\u00f3n, cable TV y radios NOAA. Se utilizar\u00e1 el c\u00f3digo de alerta real de tsunami, TSW, durante el ejercicio. Este mensaje ser\u00e1 emitido&hellip;<\/p>\n","protected":false},"author":1,"featured_media":0,"parent":59,"menu_order":4,"comment_status":"closed","ping_status":"closed","template":"","meta":{"footnotes":""},"class_list":["post-202","page","type-page","status-publish","hentry","description-off"],"_links":{"self":[{"href":"https:\/\/caribewave.uprm.edu\/index.php\/wp-json\/wp\/v2\/pages\/202","targetHints":{"allow":["GET"]}}],"collection":[{"href":"https:\/\/caribewave.uprm.edu\/index.php\/wp-json\/wp\/v2\/pages"}],"about":[{"href":"https:\/\/caribewave.uprm.edu\/index.php\/wp-json\/wp\/v2\/types\/page"}],"author":[{"embeddable":true,"href":"https:\/\/caribewave.uprm.edu\/index.php\/wp-json\/wp\/v2\/users\/1"}],"replies":[{"embeddable":true,"href":"https:\/\/caribewave.uprm.edu\/index.php\/wp-json\/wp\/v2\/comments?post=202"}],"version-history":[{"count":47,"href":"https:\/\/caribewave.uprm.edu\/index.php\/wp-json\/wp\/v2\/pages\/202\/revisions"}],"predecessor-version":[{"id":5684,"href":"https:\/\/caribewave.uprm.edu\/index.php\/wp-json\/wp\/v2\/pages\/202\/revisions\/5684"}],"up":[{"embeddable":true,"href":"https:\/\/caribewave.uprm.edu\/index.php\/wp-json\/wp\/v2\/pages\/59"}],"wp:attachment":[{"href":"https:\/\/caribewave.uprm.edu\/index.php\/wp-json\/wp\/v2\/media?parent=202"}],"curies":[{"name":"wp","href":"https:\/\/api.w.org\/{rel}","templated":true}]}}