{"id":2603,"date":"2016-10-18T13:57:39","date_gmt":"2016-10-18T17:57:39","guid":{"rendered":"http:\/\/www.uprm.edu\/shakeout\/?page_id=1191"},"modified":"2024-02-13T19:47:54","modified_gmt":"2024-02-13T19:47:54","slug":"productos","status":"publish","type":"page","link":"https:\/\/caribewave.uprm.edu\/index.php\/puerto-rico\/productos\/","title":{"rendered":"Productos"},"content":{"rendered":"<div class=\"wpb-content-wrapper\"><p>[vc_row][vc_column][vc_column_text]<\/p>\n<p style=\"text-align: left;\">Esta p\u00e1gina contiene el ejemplo de los productos que la RSPR emitir\u00eda en el caso de la activaci\u00f3n del\u00a0Protocolos de Sismos Sentido o Tsunami para la Regi\u00f3n de Puerto Rico e Islas V\u00edrgenes<\/p>\n<p>La p\u00e1gina oficial de la RSPR se actualizar\u00e1 con la informaci\u00f3n correspondiente al Protocolo como se indica en los siguientes ejemplos:<\/p>\n<h2>Rapid Earthquake Alert (REA):<\/h2>\n<ol>\n<li><strong>Web Banner: <\/strong>Cuando se emite un <strong>Rapid Earthquake Alert<\/strong> (<strong>REA<\/strong>) el Banner se actualizar\u00e1 de color gris. El REA contiene s\u00f3lo informaci\u00f3n del terremoto.<\/li>\n<\/ol>\n<p>[\/vc_column_text][vc_single_image image=&#8221;2920&#8243; img_size=&#8221;full&#8221; alignment=&#8221;center&#8221;][vc_column_text]2.<strong> Bolet\u00edn Oficial &#8211; <\/strong><strong><em>Bolet\u00edn de Evento S\u00edsmico\/Tsunami<\/em><\/strong><strong>:<\/strong> El REA no genera bolet\u00edn, s\u00f3lo actualiza la tabla de sismos significativos.<br \/>\n3.<strong> SMS: <\/strong>Se emitir\u00e1 un mensaje a las listas de servicio de correo electr\u00f3nico de la RSPR (s\u00f3lo a la lista de emergencias y a los TWFP) con la siguiente informaci\u00f3n:<\/p>\n<p>RSPR 2016\/10\/17 13:42:45.6 (UTC) 18.593 -65.527\u00a0 Profundidad: 156 Km\u00a0 Magnitud: 3.99 Ml\u00a0 Estaciones: 56<\/p>\n<p>[\/vc_column_text][vc_row_inner][vc_column_inner width=&#8221;1\/2&#8243;][vc_column_text]4.<strong> RSS:<\/strong><br \/>\nEn Puerto Rico las OMME\u2019s costeras y los TWFP recibir\u00e1n un mensaje de RSS en las m\u00e1quinas EMWIN, con el contenido del REA, parecido al siguiente:[\/vc_column_text][\/vc_column_inner][vc_column_inner width=&#8221;1\/2&#8243;][vc_single_image image=&#8221;2632&#8243; img_size=&#8221;medium&#8221;][\/vc_column_inner][\/vc_row_inner][vc_column_text]5. Redes<strong> Sociales: <\/strong>Se emitir\u00e1 un mensaje a las redes sociales con la informaci\u00f3n de tsunami. Para ver los post en las redes sociales visite:<br \/>\n<a href=\"https:\/\/www.facebook.com\/redsismicadepuertorico\">FACEBOOK<\/a> y <a href=\"https:\/\/twitter.com\/redsismica\">TWITTER<\/a>[\/vc_column_text][\/vc_column][\/vc_row][vc_row][vc_column][vc_row_inner][vc_column_inner]<div id=\"ultimate-heading-168469f342641e804\" class=\"uvc-heading ult-adjust-bottom-margin ultimate-heading-168469f342641e804 uvc-452  uvc-heading-default-font-sizes\" data-hspacer=\"no_spacer\"  data-halign=\"center\" style=\"text-align:center\"><div class=\"uvc-heading-spacer no_spacer\" style=\"top\"><\/div><div class=\"uvc-main-heading ult-responsive\"  data-ultimate-target='.uvc-heading.ultimate-heading-168469f342641e804 h2'  data-responsive-json-new='{\"font-size\":\"\",\"line-height\":\"\"}' ><h2 style=\"font-weight:bold;\">No hay Aviso, Advertencia o Vigilancia de tsunami para Puerto Rico y las Islas V\u00edrgenes:<\/h2><\/div><\/div>[\/vc_column_inner][\/vc_row_inner][vc_column_text]<\/p>\n<ol>\n<li><strong>Web Banner: <\/strong>Cuando se emite informaci\u00f3n de un terremoto que no cumple con los par\u00e1metros para activar un alerta de tsunami el Banner se actualizar\u00e1 de color verde por 12 horas, luego se torna gris, indicando que <strong>No hay Aviso, Advertencia o Vigilancia de tsunami para Puerto Rico e Islas V\u00edrgenes<\/strong>.<\/li>\n<\/ol>\n<p>[\/vc_column_text][vc_single_image image=&#8221;2921&#8243; img_size=&#8221;full&#8221; alignment=&#8221;center&#8221;][vc_single_image image=&#8221;1219&#8243; img_size=&#8221;full&#8221; alignment=&#8221;center&#8221;][vc_column_text]2.<strong> Bolet\u00edn Oficial &#8211; <\/strong><strong><em>Bolet\u00edn de Evento S\u00edsmico\/Tsunami<\/em>:<\/strong> Este bolet\u00edn estar\u00e1 disponible en la p\u00e1gina oficial de la RSPR.<br \/>\nSe emitir\u00e1 un mensaje a las listas de servicio de correo electr\u00f3nico de la RSPR (emergencias y prensa) con informaci\u00f3n en espa\u00f1ol e ingl\u00e9s.<\/p>\n<p>3.<strong> SMS: <\/strong>Se emitir\u00e1 un mensaje a las listas de servicio de correo electr\u00f3nico de la RSPR (emergencias) con la siguiente informaci\u00f3n:<\/p>\n<p>PRSN PRELIMINAR M:3.99 2016\/10\/17 09:42 Lt:18.593, Ln:-65.527, 156Km, MM:II en Carolina, PR\u00a0\u00a0\u00a0\u00a0\u00a0\u00a0\u00a0\u00a0 \u00a0\u00a0\u00a0\u00a0\u00a0No hay Aviso, Advertencia o Vigilancia de tsunami para Puerto Rico e Islas V\u00edrgenes[\/vc_column_text][vc_row_inner][vc_column_inner width=&#8221;1\/2&#8243;][vc_column_text]4.<strong> RSS:<\/strong><br \/>\nEn Puerto Rico las OMME\u2019s costeras y los TWFP recibir\u00e1n un mensaje de RSS en las m\u00e1quinas EMWIN, con el contenido del REA, parecido al siguiente:[\/vc_column_text][\/vc_column_inner][vc_column_inner width=&#8221;1\/2&#8243;][vc_single_image image=&#8221;2632&#8243; img_size=&#8221;medium&#8221;][\/vc_column_inner][\/vc_row_inner][vc_column_text]5.<strong> Redes Sociales: <\/strong>Se emitir\u00e1 un mensaje a las redes sociales con la informaci\u00f3n de tsunami. Para ver los post en las redes sociales visite:<br \/>\n<a href=\"https:\/\/www.facebook.com\/redsismicadepuertorico\">FACEBOOK<\/a> y <a href=\"https:\/\/twitter.com\/redsismica\">TWITTER<\/a>[\/vc_column_text][\/vc_column][\/vc_row][vc_row][vc_column]<div id=\"ultimate-heading-666669f342641e853\" class=\"uvc-heading ult-adjust-bottom-margin ultimate-heading-666669f342641e853 uvc-5923  uvc-heading-default-font-sizes\" data-hspacer=\"no_spacer\"  data-halign=\"center\" style=\"text-align:center\"><div class=\"uvc-heading-spacer no_spacer\" style=\"top\"><\/div><div class=\"uvc-main-heading ult-responsive\"  data-ultimate-target='.uvc-heading.ultimate-heading-666669f342641e853 h2'  data-responsive-json-new='{\"font-size\":\"\",\"line-height\":\"\"}' ><h2 style=\"font-weight:bold;\">Aviso de Tsunami para Puerto Rico y las Islas V\u00edrgenes<\/h2><\/div><\/div>[vc_column_text]<\/p>\n<ol>\n<li><strong>Web Banner: <\/strong>Se actualizar\u00e1 el Banner de la p\u00e1gina oficial de la RSPR con la informaci\u00f3n correspondiente a un <strong>Aviso de Tsunami para Puerto Rico e Islas V\u00edrgenes<\/strong>.<\/li>\n<\/ol>\n<p>[\/vc_column_text][vc_single_image image=&#8221;2922&#8243; img_size=&#8221;full&#8221; alignment=&#8221;center&#8221;][vc_column_text]2.<strong> Bolet\u00edn Oficial &#8211; <\/strong><strong><em>Bolet\u00edn de Evento S\u00edsmico\/Tsunami<\/em>:<\/strong> Este bolet\u00edn estar\u00e1 disponible en la p\u00e1gina oficial de la RSPR.<br \/>\nSe emitir\u00e1 un mensaje a las listas de servicio de correo electr\u00f3nico de la RSPR (emergencias y prensa) con informaci\u00f3n en espa\u00f1ol e ingl\u00e9s.<\/p>\n<p>3.<strong> SMS: <\/strong>Se emitir\u00e1 un mensaje a las listas de servicio de correo electr\u00f3nico de la RSPR (emergencias) con la siguiente informaci\u00f3n:<\/p>\n<p>PRSN ACTUALIZADA M:3.80 2016\/10\/17 09:42 Lt:18.3096, Ln:-65.4978, 122Km, MM:IV en Carolina, PR\u00a0\u00a0\u00a0\u00a0 Aviso de Tsunami para Puerto Rico e Islas V\u00edrgenes<\/p>\n<p>4.<strong> RSS:<\/strong><\/p>\n<p>En Puerto Rico las OMME\u2019s costeras y los TWFP recibir\u00e1n un mensaje de RSS en las m\u00e1quinas EMWIN, con la informaci\u00f3n correspondiente al Aviso de Tsunami para Puerto Rico e Islas V\u00edrgenes<\/p>\n<p><strong>5. Redes Sociales: <\/strong>Se emitir\u00e1 un mensaje a las redes sociales con la informaci\u00f3n de tsunami. Para ver los post en las redes sociales visite:<br \/>\n<a href=\"https:\/\/www.facebook.com\/redsismicadepuertorico\">FACEBOOK<\/a> y <a href=\"https:\/\/twitter.com\/redsismica\">TWITTER<\/a>[\/vc_column_text][\/vc_column][\/vc_row][vc_row][vc_column]<div id=\"ultimate-heading-398369f342641e886\" class=\"uvc-heading ult-adjust-bottom-margin ultimate-heading-398369f342641e886 uvc-1059  uvc-heading-default-font-sizes\" data-hspacer=\"no_spacer\"  data-halign=\"center\" style=\"text-align:center\"><div class=\"uvc-heading-spacer no_spacer\" style=\"top\"><\/div><div class=\"uvc-main-heading ult-responsive\"  data-ultimate-target='.uvc-heading.ultimate-heading-398369f342641e886 h2'  data-responsive-json-new='{\"font-size\":\"\",\"line-height\":\"\"}' ><h2 style=\"font-weight:bold;\">Advertencia de Tsunami para Puerto Rico y las Islas V\u00edrgenes <\/h2><\/div><\/div>[vc_column_text]<\/p>\n<ol>\n<li><strong>Web Banner:\u00a0Se actualizar\u00e1 el Banner de la p\u00e1gina oficial de la RSPR con la informaci\u00f3n correspondiente a una Advertencia de Tsunami para Puerto Rico e Islas V\u00edrgenes.<\/strong><\/li>\n<\/ol>\n<p>[\/vc_column_text][vc_single_image image=&#8221;2923&#8243; img_size=&#8221;full&#8221; alignment=&#8221;center&#8221;][vc_column_text]2.<strong> Bolet\u00edn Oficial &#8211; <\/strong><strong><em>Bolet\u00edn de Evento S\u00edsmico\/Tsunami<\/em>:<\/strong> Este bolet\u00edn estar\u00e1 disponible en la p\u00e1gina oficial de la RSPR.<br \/>\nSe emitir\u00e1 un mensaje a las listas de servicio de correo electr\u00f3nico de la RSPR (emergencias y prensa) con informaci\u00f3n en espa\u00f1ol e ingl\u00e9s.<\/p>\n<p>3.<strong> SMS: <\/strong>Se emitir\u00e1 un mensaje a las listas de servicio de correo electr\u00f3nico de la RSPR (emergencias) con la siguiente informaci\u00f3n:<\/p>\n<p>PRSN ACTUALIZADA M:3.80 2016\/10\/17 09:42 Lt:18.3096, Ln:-65.4978, 122Km, MM:IV en Carolina, PR\u00a0\u00a0\u00a0\u00a0 Advertencia de Tsunami para Puerto Rico e Islas V\u00edrgenes<\/p>\n<p>4.<strong> RSS:<\/strong><\/p>\n<p>En Puerto Rico las OMME\u2019s costeras y los TWFP recibir\u00e1n un mensaje de RSS en las m\u00e1quinas EMWIN, con la informaci\u00f3n correspondiente al Aviso de Tsunami para Puerto Rico e Islas V\u00edrgenes<\/p>\n<p><strong>5. Redes Sociales: <\/strong>Se emitir\u00e1 un mensaje a las redes sociales con la informaci\u00f3n de tsunami. Para ver los post en las redes sociales visite:<br \/>\n<a href=\"https:\/\/www.facebook.com\/redsismicadepuertorico\">FACEBOOK<\/a> y <a href=\"https:\/\/twitter.com\/redsismica\">TWITTER<\/a>[\/vc_column_text][\/vc_column][\/vc_row][vc_row][vc_column]<div id=\"ultimate-heading-363369f342641e8b3\" class=\"uvc-heading ult-adjust-bottom-margin ultimate-heading-363369f342641e8b3 uvc-4252  uvc-heading-default-font-sizes\" data-hspacer=\"no_spacer\"  data-halign=\"center\" style=\"text-align:center\"><div class=\"uvc-heading-spacer no_spacer\" style=\"top\"><\/div><div class=\"uvc-main-heading ult-responsive\"  data-ultimate-target='.uvc-heading.ultimate-heading-363369f342641e8b3 h2'  data-responsive-json-new='{\"font-size\":\"\",\"line-height\":\"\"}' ><h2 style=\"font-weight:bold;\">Vigilancia de Tsunami para Puerto Rico y las Islas V\u00edrgenes <\/h2><\/div><\/div>[vc_column_text]<\/p>\n<ol>\n<li><strong>Web Banner: <\/strong>Se actualizar\u00e1 el Banner de la p\u00e1gina oficial de la RSPR con la informaci\u00f3n correspondiente a una\u00a0<strong>Vigilancia<\/strong>\u00a0<strong>de Tsunami para Puerto Rico e Islas V\u00edrgenes<\/strong>.<\/li>\n<\/ol>\n<p>[\/vc_column_text][vc_single_image image=&#8221;2924&#8243; img_size=&#8221;full&#8221; alignment=&#8221;center&#8221;][vc_column_text]2.<strong> Bolet\u00edn Oficial &#8211; <\/strong><strong><em>Bolet\u00edn de Evento S\u00edsmico\/Tsunami<\/em>:<\/strong> Este bolet\u00edn estar\u00e1 disponible en la p\u00e1gina oficial de la RSPR.<br \/>\nSe emitir\u00e1 un mensaje a las listas de servicio de correo electr\u00f3nico de la RSPR (emergencias y prensa) con informaci\u00f3n en espa\u00f1ol e ingl\u00e9s.<\/p>\n<p>3.<strong> SMS: <\/strong>Se emitir\u00e1 un mensaje a las listas de servicio de correo electr\u00f3nico de la RSPR (emergencias) con la siguiente informaci\u00f3n:<\/p>\n<p>PRSN ACTUALIZADA M:3.80 2016\/10\/17 09:42 Lt:18.3096, Ln:-65.4978, 122Km, MM:IV en Carolina, PR \u00a0 \u00a0 Vigilancia\u00a0de Tsunami para Puerto Rico e Islas V\u00edrgenes<\/p>\n<p>4.<strong> RSS:<\/strong><\/p>\n<p>En Puerto Rico las OMME\u2019s costeras y los TWFP recibir\u00e1n un mensaje de RSS en las m\u00e1quinas EMWIN, con la informaci\u00f3n correspondiente al Aviso de Tsunami para Puerto Rico e Islas V\u00edrgenes<\/p>\n<p><strong>5. Redes Sociales: <\/strong>Se emitir\u00e1 un mensaje a las redes sociales con la informaci\u00f3n de tsunami. Para ver los post en las redes sociales visite:<br \/>\n<a href=\"https:\/\/www.facebook.com\/redsismicadepuertorico\">FACEBOOK<\/a> y <a href=\"https:\/\/twitter.com\/redsismica\">TWITTER<\/a>[\/vc_column_text][\/vc_column][\/vc_row][vc_row][vc_column]<div id=\"ultimate-heading-45069f342641e8df\" class=\"uvc-heading ult-adjust-bottom-margin ultimate-heading-45069f342641e8df uvc-5846  uvc-heading-default-font-sizes\" data-hspacer=\"no_spacer\"  data-halign=\"center\" style=\"text-align:center\"><div class=\"uvc-heading-spacer no_spacer\" style=\"top\"><\/div><div class=\"uvc-main-heading ult-responsive\"  data-ultimate-target='.uvc-heading.ultimate-heading-45069f342641e8df h2'  data-responsive-json-new='{\"font-size\":\"\",\"line-height\":\"\"}' ><h2 style=\"font-weight:bold;\">Cancelaci\u00f3n (de aviso, advertencia o vigilancia) de Tsunami para Puerto Rico y las Islas V\u00edrgenes<\/h2><\/div><\/div>[vc_column_text]<\/p>\n<ol>\n<li><strong>Web Banner: Se actualizar\u00e1 el Banner de la p\u00e1gina oficial de la RSPR con la informaci\u00f3n correspondiente a una Cancelaci\u00f3n de Tsunami para Puerto Rico e Islas V\u00edrgenes.<\/strong><\/li>\n<\/ol>\n<p>[\/vc_column_text][vc_single_image image=&#8221;2925&#8243; img_size=&#8221;full&#8221; alignment=&#8221;center&#8221;][vc_column_text]2.<strong> Bolet\u00edn Oficial &#8211; <\/strong><strong><em>Bolet\u00edn de Evento S\u00edsmico\/Tsunami<\/em>:<\/strong> Este bolet\u00edn estar\u00e1 disponible en la p\u00e1gina oficial de la RSPR.<br \/>\nSe emitir\u00e1 un mensaje a las listas de servicio de correo electr\u00f3nico de la RSPR (emergencias y prensa) con informaci\u00f3n en espa\u00f1ol e ingl\u00e9s.<\/p>\n<p>3.<strong> SMS: <\/strong>Se emitir\u00e1 un mensaje a las listas de servicio de correo electr\u00f3nico de la RSPR (emergencias) con la siguiente informaci\u00f3n:<\/p>\n<p>PRSN ACTUALIZADA M:3.80 2016\/10\/17 09:42 Lt:18.3096, Ln:-65.4978, 122Km, MM:IV en Carolina, PR\u00a0Cancelaci\u00f3n de Tsunami para Puerto Rico e Islas V\u00edrgenes<\/p>\n<p>4.<strong> RSS:<\/strong><\/p>\n<p>En Puerto Rico las OMME\u2019s costeras y los TWFP recibir\u00e1n un mensaje de RSS en las m\u00e1quinas EMWIN, con la informaci\u00f3n correspondiente al Aviso de Tsunami para Puerto Rico e Islas V\u00edrgenes<\/p>\n<p><strong>5. Redes Sociales: <\/strong>Se emitir\u00e1 un mensaje a las redes sociales con la informaci\u00f3n de tsunami. Para ver los post en las redes sociales visite:<br \/>\n<a href=\"https:\/\/www.facebook.com\/redsismicadepuertorico\">FACEBOOK<\/a> y <a href=\"https:\/\/twitter.com\/redsismica\">TWITTER<\/a>[\/vc_column_text][\/vc_column][\/vc_row]<\/p>\n<\/div>","protected":false},"excerpt":{"rendered":"<p>[vc_row][vc_column][vc_column_text] Esta p\u00e1gina contiene el ejemplo de los productos que la RSPR emitir\u00eda en el caso de la activaci\u00f3n del\u00a0Protocolos de Sismos Sentido o Tsunami para la Regi\u00f3n de Puerto Rico e Islas V\u00edrgenes La p\u00e1gina oficial de la RSPR se actualizar\u00e1 con la informaci\u00f3n correspondiente al Protocolo como se indica en los siguientes ejemplos:&hellip;<\/p>\n","protected":false},"author":1,"featured_media":0,"parent":59,"menu_order":0,"comment_status":"closed","ping_status":"closed","template":"","meta":{"footnotes":""},"class_list":["post-2603","page","type-page","status-publish","hentry","description-off"],"_links":{"self":[{"href":"https:\/\/caribewave.uprm.edu\/index.php\/wp-json\/wp\/v2\/pages\/2603","targetHints":{"allow":["GET"]}}],"collection":[{"href":"https:\/\/caribewave.uprm.edu\/index.php\/wp-json\/wp\/v2\/pages"}],"about":[{"href":"https:\/\/caribewave.uprm.edu\/index.php\/wp-json\/wp\/v2\/types\/page"}],"author":[{"embeddable":true,"href":"https:\/\/caribewave.uprm.edu\/index.php\/wp-json\/wp\/v2\/users\/1"}],"replies":[{"embeddable":true,"href":"https:\/\/caribewave.uprm.edu\/index.php\/wp-json\/wp\/v2\/comments?post=2603"}],"version-history":[{"count":1,"href":"https:\/\/caribewave.uprm.edu\/index.php\/wp-json\/wp\/v2\/pages\/2603\/revisions"}],"predecessor-version":[{"id":4551,"href":"https:\/\/caribewave.uprm.edu\/index.php\/wp-json\/wp\/v2\/pages\/2603\/revisions\/4551"}],"up":[{"embeddable":true,"href":"https:\/\/caribewave.uprm.edu\/index.php\/wp-json\/wp\/v2\/pages\/59"}],"wp:attachment":[{"href":"https:\/\/caribewave.uprm.edu\/index.php\/wp-json\/wp\/v2\/media?parent=2603"}],"curies":[{"name":"wp","href":"https:\/\/api.w.org\/{rel}","templated":true}]}}