{"id":2605,"date":"2018-10-04T18:20:02","date_gmt":"2018-10-04T22:20:02","guid":{"rendered":"https:\/\/www.uprm.edu\/shakeout\/?page_id=1306"},"modified":"2018-10-04T18:20:02","modified_gmt":"2018-10-04T22:20:02","slug":"products","status":"publish","type":"page","link":"https:\/\/caribewave.uprm.edu\/index.php\/en\/products\/","title":{"rendered":"Products"},"content":{"rendered":"<div class=\"wpb-content-wrapper\"><p>[vc_row][vc_column][vc_column_text]<\/p>\n<p style=\"text-align: left\">This page has an example of the products that the PRSN would issue if an activation of the Tsunami Protocol for the Puerto Rico and the Virgin Islands Region occurred.<\/p>\n<p>The PRSN website will update the information corresponding to the Protocol as shown in the next examples.<\/p>\n<h2>Rapid Earthquake Alert (REA):<\/h2>\n<ol>\n<li><strong>Web Banner: <\/strong>When a\u00a0<strong>Rapid Earthquake Alert<\/strong> (<strong>REA<\/strong>) has been issued the\u00a0 Banner will be updated to a gray color. The REA only provide information of the earthquake.<\/li>\n<\/ol>\n<p>[\/vc_column_text][vc_single_image image=&#8221;2927&#8243; img_size=&#8221;full&#8221; alignment=&#8221;center&#8221;][vc_column_text]2.<strong>\u00a0Official Bulletin:\u00a0<\/strong>\u00a0The REA does not generates a bulletin, only update the significants earthquake table.<br \/>\n3.<strong> SMS: <\/strong>A text message will be issued through the PRSN Service list (emergency) as follows:<\/p>\n<p>RSPR 2016\/10\/17 13:42:45.6 (UTC) 18.593 -65.527\u00a0 Profundidad: 156 Km\u00a0 Magnitud: 3.99 Ml\u00a0 Estaciones: 56[\/vc_column_text][vc_row_inner][vc_column_inner width=&#8221;1\/2&#8243;][vc_column_text]4.<strong> RSS:<\/strong><br \/>\nIn Puerto Rico the coastal OMME\u2019s and the TWFP will receive an RSS message in the EMWIN device with information of the\u00a0 REA, looks like:[\/vc_column_text][\/vc_column_inner][vc_column_inner width=&#8221;1\/2&#8243;][vc_single_image image=&#8221;2632&#8243; img_size=&#8221;medium&#8221;][\/vc_column_inner][\/vc_row_inner][vc_column_text]5. <strong>Social Media:<\/strong> A tsunami information message will be issued through the social networks.\u00a0 To view the posts in social networks visit:<br \/>\n<a href=\"https:\/\/www.facebook.com\/redsismicadepuertorico\">FACEBOOK<\/a> y <a href=\"https:\/\/twitter.com\/redsismica\">TWITTER<\/a>[\/vc_column_text][\/vc_column][\/vc_row][vc_row][vc_column][vc_row_inner][vc_column_inner]<div id=\"ultimate-heading-998369f34263cd91d\" class=\"uvc-heading ult-adjust-bottom-margin ultimate-heading-998369f34263cd91d uvc-397  uvc-heading-default-font-sizes\" data-hspacer=\"no_spacer\"  data-halign=\"center\" style=\"text-align:center\"><div class=\"uvc-heading-spacer no_spacer\" style=\"top\"><\/div><div class=\"uvc-main-heading ult-responsive\"  data-ultimate-target='.uvc-heading.ultimate-heading-998369f34263cd91d h2'  data-responsive-json-new='{\"font-size\":\"\",\"line-height\":\"\"}' ><h2 style=\"font-weight:bold;\">No Warning, Advisory or Watch is in effect for Puerto Rico and The Virgin Islands<\/h2><\/div><\/div>[\/vc_column_inner][\/vc_row_inner][vc_column_text]<\/p>\n<ol>\n<li><strong>Web Banner: <\/strong>When information is issued of an earthquake that does not comply with the parameters to activate a tsunami warning, the Banner will update green for 12 hours, then turn gray, indicating that\u00a0<strong>No Warning, Advisory or Watch is in effect for Puerto Rico and the Virgin Islands.<\/strong><\/li>\n<\/ol>\n<p>[\/vc_column_text][vc_single_image image=&#8221;2928&#8243; img_size=&#8221;full&#8221; alignment=&#8221;center&#8221;][vc_single_image image=&#8221;1219&#8243; img_size=&#8221;full&#8221; alignment=&#8221;center&#8221;][vc_column_text]2.<strong>Official Bulletin <\/strong>&#8211; This bulletin will be available in the PRSN official webpage. A message will be issued through the PRSN email Service list\u00a0 (emergency and media) with the following information (Spanish and English).<\/p>\n<p>3.<strong> SMS:\u00a0<\/strong>A text message will be issued through the PRSN Service list (emergency) as follows:<\/p>\n<p>PRSN PRELIMINARY M:3.99 2016\/10\/17 09:42 Lt:18.593, Ln:-65.527, 156Km, MM:II en Carolina, PR\u00a0 \u00a0 \u00a0 \u00a0 \u00a0 \u00a0 \u00a0 No Warning, Advisory or Watch has been issued.[\/vc_column_text][vc_row_inner][vc_column_inner width=&#8221;1\/2&#8243;][vc_column_text]4.<strong> RSS:<\/strong><br \/>\nIn Puerto Rico the coastal OMME\u2019s and the TWFP will receive an RSS message in the EMWIN device with information of the\u00a0 REA, looks like:[\/vc_column_text][\/vc_column_inner][vc_column_inner width=&#8221;1\/2&#8243;][vc_single_image image=&#8221;2632&#8243; img_size=&#8221;medium&#8221;][\/vc_column_inner][\/vc_row_inner][vc_column_text]5. <strong>Social Media:<\/strong> A tsunami information message will be issued through the social networks.\u00a0 To view the posts in social networks visit:<br \/>\n<a href=\"https:\/\/www.facebook.com\/redsismicadepuertorico\">FACEBOOK<\/a> &amp; <a href=\"https:\/\/twitter.com\/redsismica\">TWITTER<\/a>[\/vc_column_text][\/vc_column][\/vc_row][vc_row][vc_column]<div id=\"ultimate-heading-612769f34263cd978\" class=\"uvc-heading ult-adjust-bottom-margin ultimate-heading-612769f34263cd978 uvc-1568  uvc-heading-default-font-sizes\" data-hspacer=\"no_spacer\"  data-halign=\"center\" style=\"text-align:center\"><div class=\"uvc-heading-spacer no_spacer\" style=\"top\"><\/div><div class=\"uvc-main-heading ult-responsive\"  data-ultimate-target='.uvc-heading.ultimate-heading-612769f34263cd978 h2'  data-responsive-json-new='{\"font-size\":\"\",\"line-height\":\"\"}' ><h2 style=\"font-weight:bold;\">Tsunami Warning for Puerto Rico and the Virgin Islands<\/h2><\/div><\/div>[vc_column_text]<\/p>\n<ol>\n<li><strong>Web Banner:\u00a0\u00a0<\/strong>The Banner of the official PRSN web page will be updated with the corresponding information, for example:<\/li>\n<\/ol>\n<p>[\/vc_column_text][vc_single_image image=&#8221;2929&#8243; img_size=&#8221;full&#8221; alignment=&#8221;center&#8221;][vc_column_text]2.<strong>Official Bulletin <\/strong>&#8211; This bulletin will be available in the PRSN official webpage. A message will be issued through the PRSN email Service list\u00a0 (emergency and media) with the following information (Spanish and English).<\/p>\n<p>3.<strong> SMS:\u00a0<\/strong>A text message will be issued through the PRSN Service list (emergency) as follows:<\/p>\n<p>PRSN UPDATED M:3.80 2016\/10\/17 09:42 Lt:18.3096, Ln:-65.4978, 122Km, MM:IV en Carolina, PR\u00a0 \u00a0Tsunami Warning for PR and VI.<\/p>\n<p>4.<strong> RSS:<\/strong><\/p>\n<p>En Puerto Rico las OMME\u2019s costeras y los TWFP recibir\u00e1n un mensaje de RSS en las m\u00e1quinas EMWIN, con la informaci\u00f3n correspondiente al Aviso de Tsunami para Puerto Rico e Islas V\u00edrgenes<\/p>\n<p><strong>5. Social Media: <\/strong>A tsunami information message will be issued through the social networks.\u00a0 To view the posts in social networks visit:<br \/>\n<a href=\"https:\/\/www.facebook.com\/redsismicadepuertorico\">FACEBOOK<\/a> &amp; <a href=\"https:\/\/twitter.com\/redsismica\">TWITTER<\/a>[\/vc_column_text][\/vc_column][\/vc_row][vc_row][vc_column]<div id=\"ultimate-heading-922069f34263cd9b1\" class=\"uvc-heading ult-adjust-bottom-margin ultimate-heading-922069f34263cd9b1 uvc-1271  uvc-heading-default-font-sizes\" data-hspacer=\"no_spacer\"  data-halign=\"center\" style=\"text-align:center\"><div class=\"uvc-heading-spacer no_spacer\" style=\"top\"><\/div><div class=\"uvc-main-heading ult-responsive\"  data-ultimate-target='.uvc-heading.ultimate-heading-922069f34263cd9b1 h2'  data-responsive-json-new='{\"font-size\":\"\",\"line-height\":\"\"}' ><h2 style=\"font-weight:bold;\">Tsunami Advisory for Puerto Rico and the Virgin Islands<\/h2><\/div><\/div>[vc_column_text]<\/p>\n<ol>\n<li><strong>Web Banner: <\/strong>The Banner of the official PRSN web page will be updated with the corresponding information, for example:<\/li>\n<\/ol>\n<p>[\/vc_column_text][vc_single_image image=&#8221;2930&#8243; img_size=&#8221;full&#8221; alignment=&#8221;center&#8221;][vc_column_text]2.<strong>Official Bulletin <\/strong>&#8211; This bulletin will be available in the PRSN official webpage. A message will be issued through the PRSN email Service list\u00a0 (emergency and media) with the following information (Spanish and English).<\/p>\n<p>3.<strong> SMS:\u00a0\u00a0<\/strong>A text message will be issued through the PRSN Service list (emergency) as follows:<\/p>\n<p>PRSN UPDATED M:3.80 2016\/10\/17 09:42 Lt:18.3096, Ln:-65.4978, 122Km, MM:IV en Carolina, PR\u00a0 \u00a0Tsunami Advisory for PR and VI.<\/p>\n<p>4.<strong> RSS:<\/strong><\/p>\n<p>In Puerto Rico the coastal OMME\u2019s and the TWFP will receive an RSS message in the EMWIN device with information of the tsunami alert.<\/p>\n<p><strong>5. Redes Sociales: <\/strong>A tsunami information message will be issued through the social networks.\u00a0 To view the posts in social networks visit:<br \/>\n<a href=\"https:\/\/www.facebook.com\/redsismicadepuertorico\">FACEBOOK<\/a> &amp; <a href=\"https:\/\/twitter.com\/redsismica\">TWITTER<\/a>[\/vc_column_text][\/vc_column][\/vc_row][vc_row][vc_column]<div id=\"ultimate-heading-107369f34263cd9e0\" class=\"uvc-heading ult-adjust-bottom-margin ultimate-heading-107369f34263cd9e0 uvc-3503  uvc-heading-default-font-sizes\" data-hspacer=\"no_spacer\"  data-halign=\"center\" style=\"text-align:center\"><div class=\"uvc-heading-spacer no_spacer\" style=\"top\"><\/div><div class=\"uvc-main-heading ult-responsive\"  data-ultimate-target='.uvc-heading.ultimate-heading-107369f34263cd9e0 h2'  data-responsive-json-new='{\"font-size\":\"\",\"line-height\":\"\"}' ><h2 style=\"font-weight:bold;\">Tsunami Watch for Puerto Rico and the Virgin Islands<\/h2><\/div><\/div>[vc_column_text]<\/p>\n<ol>\n<li><strong>Web Banner: <\/strong>The Banner of the official PRSN web page will be updated with the corresponding information, for example:<\/li>\n<\/ol>\n<p>[\/vc_column_text][vc_single_image image=&#8221;2931&#8243; img_size=&#8221;full&#8221; alignment=&#8221;center&#8221;][vc_column_text]2.<strong>Official Bulletin &#8211; <\/strong>This bulletin will be available in the PRSN official webpage. A message will be issued through the PRSN email Service list\u00a0 (emergency and media) with the following information (Spanish and English).<\/p>\n<p>3.<strong> SMS:\u00a0<\/strong>A text message will be issued through the PRSN Service list (emergency) as follows:<\/p>\n<p>PRSN UPDATED M:3.80 2016\/10\/17 09:42 Lt:18.3096, Ln:-65.4978, 122Km, MM:IV en Carolina, PR\u00a0 \u00a0 \u00a0Tsunami Watch for PR and VI.<\/p>\n<p>4.<strong> RSS:<\/strong><\/p>\n<p>In Puerto Rico the coastal OMME\u2019s and the TWFP will receive an RSS message in the EMWIN device with information of the tsunami alert.<\/p>\n<p><strong>5. Social Media: <\/strong>A tsunami information message will be issued through the social networks.\u00a0 To view the posts in social networks visit:<br \/>\n<a href=\"https:\/\/www.facebook.com\/redsismicadepuertorico\">FACEBOOK<\/a> &amp; <a href=\"https:\/\/twitter.com\/redsismica\">TWITTER<\/a>[\/vc_column_text][\/vc_column][\/vc_row][vc_row][vc_column]<div id=\"ultimate-heading-933069f34263cda12\" class=\"uvc-heading ult-adjust-bottom-margin ultimate-heading-933069f34263cda12 uvc-7676  uvc-heading-default-font-sizes\" data-hspacer=\"no_spacer\"  data-halign=\"center\" style=\"text-align:center\"><div class=\"uvc-heading-spacer no_spacer\" style=\"top\"><\/div><div class=\"uvc-main-heading ult-responsive\"  data-ultimate-target='.uvc-heading.ultimate-heading-933069f34263cda12 h2'  data-responsive-json-new='{\"font-size\":\"\",\"line-height\":\"\"}' ><h2 style=\"font-weight:bold;\">Tsunami Advisory Cancellation for Puerto Rico and the Virgin Islands<\/h2><\/div><\/div>[vc_column_text]<\/p>\n<ol>\n<li><strong>Web Banner: <\/strong>The Banner of the official PRSN web page will be updated with the corresponding information, for example:<\/li>\n<\/ol>\n<p>[\/vc_column_text][vc_single_image image=&#8221;2932&#8243; img_size=&#8221;full&#8221; alignment=&#8221;center&#8221;][vc_column_text]2.<strong>\u00a0Official Bulletin &#8211; <\/strong>This bulletin will be available in the PRSN official webpage. A message will be issued through the PRSN email Service list\u00a0 (emergency and media) with the following information (Spanish and English).<\/p>\n<p>3.<strong> SMS:\u00a0<\/strong>A text message will be issued through the PRSN Service list (emergency) as follows:<\/p>\n<p>PRSN UPDATED M:3.80 2016\/10\/17 09:42 Lt:18.3096, Ln:-65.4978, 122Km, MM:IV en Carolina, PR .\u00a0 \u00a0Tsunami Advisory Cancellation for PR and VI.<\/p>\n<p>4.<strong> RSS:<\/strong><\/p>\n<p>In Puerto Rico the coastal OMME\u2019s and the TWFP will receive an RSS message in the EMWIN device with information of the tsunami alert.<\/p>\n<p><strong>5. Social Media: <\/strong>A tsunami information message will be issued through the social networks.\u00a0 To view the posts in social networks visit:<br \/>\n<a href=\"https:\/\/www.facebook.com\/redsismicadepuertorico\">FACEBOOK<\/a> &amp; <a href=\"https:\/\/twitter.com\/redsismica\">TWITTER<\/a>[\/vc_column_text][\/vc_column][\/vc_row]<\/p>\n<\/div>","protected":false},"excerpt":{"rendered":"<p>[vc_row][vc_column][vc_column_text] This page has an example of the products that the PRSN would issue if an activation of the Tsunami Protocol for the Puerto Rico and the Virgin Islands Region occurred. The PRSN website will update the information corresponding to the Protocol as shown in the next examples. Rapid Earthquake Alert (REA): Web Banner: When&hellip;<\/p>\n","protected":false},"author":1,"featured_media":0,"parent":0,"menu_order":0,"comment_status":"closed","ping_status":"closed","template":"","meta":{"footnotes":""},"class_list":["post-2605","page","type-page","status-publish","hentry","description-off"],"_links":{"self":[{"href":"https:\/\/caribewave.uprm.edu\/index.php\/wp-json\/wp\/v2\/pages\/2605","targetHints":{"allow":["GET"]}}],"collection":[{"href":"https:\/\/caribewave.uprm.edu\/index.php\/wp-json\/wp\/v2\/pages"}],"about":[{"href":"https:\/\/caribewave.uprm.edu\/index.php\/wp-json\/wp\/v2\/types\/page"}],"author":[{"embeddable":true,"href":"https:\/\/caribewave.uprm.edu\/index.php\/wp-json\/wp\/v2\/users\/1"}],"replies":[{"embeddable":true,"href":"https:\/\/caribewave.uprm.edu\/index.php\/wp-json\/wp\/v2\/comments?post=2605"}],"version-history":[{"count":0,"href":"https:\/\/caribewave.uprm.edu\/index.php\/wp-json\/wp\/v2\/pages\/2605\/revisions"}],"wp:attachment":[{"href":"https:\/\/caribewave.uprm.edu\/index.php\/wp-json\/wp\/v2\/media?parent=2605"}],"curies":[{"name":"wp","href":"https:\/\/api.w.org\/{rel}","templated":true}]}}