{"id":582,"date":"2016-03-01T01:13:17","date_gmt":"2016-03-01T05:13:17","guid":{"rendered":"http:\/\/wordpress.uprm.edu\/caribewave\/?page_id=582"},"modified":"2026-02-20T00:15:00","modified_gmt":"2026-02-20T00:15:00","slug":"creditoscredits","status":"publish","type":"page","link":"https:\/\/caribewave.uprm.edu\/index.php\/creditoscredits\/","title":{"rendered":"Cr\u00e9ditos"},"content":{"rendered":"<div class=\"wpb-content-wrapper\"><p>[vc_row][vc_column][vc_custom_heading text=&#8221;Cr\u00e9ditos Ejercicio de Comunicaciones CARIBE WAVE 2026 &#8211; RSPR&#8221; font_container=&#8221;tag:h2|text_align:center&#8221; google_fonts=&#8221;font_family:Montserrat%3Aregular%2C700|font_style:400%20regular%3A400%3Anormal&#8221;][vc_empty_space][\/vc_column][\/vc_row][vc_row margin_top=&#8221;22&#8243;][vc_column][vc_column_text]<\/p>\n<h4 style=\"text-align: center;\"><span style=\"color: #808080;\">Coordinadora del Ejercicio en RSPR<br \/>\n<\/span><\/h4>\n<p>[\/vc_column_text][vc_column_text css_animation=&#8221;tada&#8221;]<\/p>\n<h3 style=\"text-align: center;\"><strong>Gisela B\u00e1ez-S\u00e1nchez<\/strong><\/h3>\n<p>[\/vc_column_text][vc_empty_space][\/vc_column][\/vc_row][vc_row margin_top=&#8221;22&#8243;][vc_column][vc_column_text]<\/p>\n<h4 style=\"text-align: center;\"><span style=\"color: #808080;\">Representante de la RSPR en <\/span><\/h4>\n<h4 style=\"text-align: center;\"><span style=\"color: #808080;\">ICG Caribe-EWS IOC UNESCO- Caribe Wave 2026<br \/>\n<\/span><\/h4>\n<p>[\/vc_column_text][vc_column_text css_animation=&#8221;tada&#8221;]<\/p>\n<h3 style=\"text-align: center;\">Gisela B\u00e1ez-S\u00e1nchez<\/h3>\n<p style=\"text-align: center;\">Vice Chair Caribe Wave Task Team<\/p>\n<p>[\/vc_column_text][vc_empty_space][\/vc_column][\/vc_row][vc_row margin_top=&#8221;22&#8243;][vc_column][vc_column_text]<\/p>\n<h4 style=\"text-align: center;\"><span style=\"color: #808080;\">Coordinadora de Medios<\/span><\/h4>\n<p>[\/vc_column_text][vc_column_text css_animation=&#8221;tada&#8221;]<\/p>\n<h3 style=\"text-align: center;\">Jesenia Figueroa Nieves<\/h3>\n<p>[\/vc_column_text][vc_empty_space][\/vc_column][\/vc_row][vc_row margin_top=&#8221;22&#8243;][vc_column][vc_column_text]<\/p>\n<h4 style=\"text-align: center;\"><span style=\"color: #808080;\">Editores de Contenido y Traducci\u00f3n<\/span><\/h4>\n<p>[\/vc_column_text][vc_column_text css_animation=&#8221;tada&#8221;]<\/p>\n<h3 style=\"text-align: center;\"><strong>Gisela B\u00e1ez-S\u00e1nchez<\/strong><\/h3>\n<p>[\/vc_column_text][vc_empty_space][\/vc_column][\/vc_row][vc_row margin_top=&#8221;22&#8243;][vc_column][vc_column_text]<\/p>\n<h4 style=\"text-align: center;\"><span style=\"color: #808080;\">Coordinador de IT<\/span><\/h4>\n<p>[\/vc_column_text][vc_column_text css_animation=&#8221;tada&#8221;]<\/p>\n<h3 style=\"text-align: center;\">Angel Feliciano Ortega<\/h3>\n<h3 style=\"text-align: center;\"><\/h3>\n<p>[\/vc_column_text][vc_empty_space][\/vc_column][\/vc_row][vc_row margin_top=&#8221;22&#8243;][vc_column][vc_column_text]<\/p>\n<h4 style=\"text-align: center;\"><span style=\"color: #808080;\">IT \/ Desarrolladores Web<\/span><\/h4>\n<p>[\/vc_column_text][vc_column_text css_animation=&#8221;tada&#8221;]<\/p>\n<h3 style=\"text-align: center;\"><strong>\u00c1ngel Feliciano Ortega<\/strong><\/h3>\n<h3 style=\"text-align: center;\"><strong>Alianis Reyes Reyes<\/strong><\/h3>\n<p>[\/vc_column_text][vc_empty_space][\/vc_column][\/vc_row][vc_row margin_top=&#8221;22&#8243;][vc_column][vc_column_text]<\/p>\n<h4 style=\"text-align: center;\"><span style=\"color: #808080;\">Analistas de Datos Geof\u00edsicos<\/span><\/h4>\n<p>[\/vc_column_text][vc_empty_space][vc_column_text css_animation=&#8221;tada&#8221;]<\/p>\n<h3 style=\"text-align: center;\">Gisela B\u00e1ez-S\u00e1nchez<\/h3>\n<h3 style=\"text-align: center;\">Benjam\u00edn Col\u00f3n Rodr\u00edguez<\/h3>\n<p>[\/vc_column_text][\/vc_column][\/vc_row]<\/p>\n<\/div>","protected":false},"excerpt":{"rendered":"<p>[vc_row][vc_column][vc_custom_heading text=&#8221;Cr\u00e9ditos Ejercicio de Comunicaciones CARIBE WAVE 2026 &#8211; RSPR&#8221; font_container=&#8221;tag:h2|text_align:center&#8221; google_fonts=&#8221;font_family:Montserrat%3Aregular%2C700|font_style:400%20regular%3A400%3Anormal&#8221;][vc_empty_space][\/vc_column][\/vc_row][vc_row margin_top=&#8221;22&#8243;][vc_column][vc_column_text] Coordinadora del Ejercicio en RSPR [\/vc_column_text][vc_column_text css_animation=&#8221;tada&#8221;] Gisela B\u00e1ez-S\u00e1nchez [\/vc_column_text][vc_empty_space][\/vc_column][\/vc_row][vc_row margin_top=&#8221;22&#8243;][vc_column][vc_column_text] Representante de la RSPR en ICG Caribe-EWS IOC UNESCO- Caribe Wave 2026 [\/vc_column_text][vc_column_text css_animation=&#8221;tada&#8221;] Gisela B\u00e1ez-S\u00e1nchez Vice Chair Caribe Wave Task Team [\/vc_column_text][vc_empty_space][\/vc_column][\/vc_row][vc_row margin_top=&#8221;22&#8243;][vc_column][vc_column_text] Coordinadora de Medios [\/vc_column_text][vc_column_text css_animation=&#8221;tada&#8221;] Jesenia Figueroa&hellip;<\/p>\n","protected":false},"author":1,"featured_media":0,"parent":0,"menu_order":11,"comment_status":"closed","ping_status":"closed","template":"","meta":{"footnotes":""},"class_list":["post-582","page","type-page","status-publish","hentry","description-off"],"_links":{"self":[{"href":"https:\/\/caribewave.uprm.edu\/index.php\/wp-json\/wp\/v2\/pages\/582","targetHints":{"allow":["GET"]}}],"collection":[{"href":"https:\/\/caribewave.uprm.edu\/index.php\/wp-json\/wp\/v2\/pages"}],"about":[{"href":"https:\/\/caribewave.uprm.edu\/index.php\/wp-json\/wp\/v2\/types\/page"}],"author":[{"embeddable":true,"href":"https:\/\/caribewave.uprm.edu\/index.php\/wp-json\/wp\/v2\/users\/1"}],"replies":[{"embeddable":true,"href":"https:\/\/caribewave.uprm.edu\/index.php\/wp-json\/wp\/v2\/comments?post=582"}],"version-history":[{"count":5,"href":"https:\/\/caribewave.uprm.edu\/index.php\/wp-json\/wp\/v2\/pages\/582\/revisions"}],"predecessor-version":[{"id":5249,"href":"https:\/\/caribewave.uprm.edu\/index.php\/wp-json\/wp\/v2\/pages\/582\/revisions\/5249"}],"wp:attachment":[{"href":"https:\/\/caribewave.uprm.edu\/index.php\/wp-json\/wp\/v2\/media?parent=582"}],"curies":[{"name":"wp","href":"https:\/\/api.w.org\/{rel}","templated":true}]}}