{"id":59,"date":"2016-02-19T16:46:07","date_gmt":"2016-02-19T20:46:07","guid":{"rendered":"http:\/\/wordpress.uprm.edu\/caribewave\/?page_id=59"},"modified":"2024-02-16T16:12:28","modified_gmt":"2024-02-16T16:12:28","slug":"puerto-rico","status":"publish","type":"page","link":"https:\/\/caribewave.uprm.edu\/index.php\/puerto-rico\/","title":{"rendered":"Puerto Rico"},"content":{"rendered":"<div class=\"wpb-content-wrapper\"><p>[vc_row][vc_column][vc_column_text]<\/p>\n<p style=\"text-align: justify;\">En esta secci\u00f3n encontrar\u00e1 toda la informaci\u00f3n disponible para el ejercicio de Caribe Wave para Puerto Rico. Navega las diferentes secciones y comparte la informaci\u00f3n con tus allegados. De necesitar alguna otra informaci\u00f3n, o encontrar que alg\u00fan enlace no funciona, por favor escribe a staff@prsnmail.uprm.edu.<\/p>\n<p>[\/vc_column_text][\/vc_column][\/vc_row][vc_row][vc_column width=&#8221;1\/3&#8243; css=&#8221;.vc_custom_1456802586892{padding-top: 32px !important;}&#8221;][vc_btn title=&#8221;Ejercicio CARIBE WAVE&#8221; color=&#8221;success&#8221; size=&#8221;lg&#8221; align=&#8221;center&#8221; link=&#8221;url:http%3A%2F%2Fcaribewave.uprm.edu%2Findex.php%2Fpuerto-rico%2Fque-es-el-ejercicio-caribewave%2F|||&#8221;][\/vc_column][vc_column width=&#8221;1\/3&#8243; css=&#8221;.vc_custom_1456802544191{padding-top: 32px !important;}&#8221;][vc_btn title=&#8221;Esquema de Ejercicio&#8221; color=&#8221;success&#8221; size=&#8221;lg&#8221; align=&#8221;center&#8221; link=&#8221;url:http%3A%2F%2Fcaribewave.uprm.edu%2Findex.php%2Fpuerto-rico%2Fesquema%2F|||&#8221;][\/vc_column][vc_column width=&#8221;1\/3&#8243; css=&#8221;.vc_custom_1456802549966{padding-top: 32px !important;}&#8221;][vc_btn title=&#8221;Como Participar&#8221; color=&#8221;success&#8221; size=&#8221;lg&#8221; align=&#8221;center&#8221; link=&#8221;url:http%3A%2F%2Fcaribewave.uprm.edu%2Findex.php%2Fpuerto-rico%2Fcomo-participar%2F|||&#8221;][\/vc_column][\/vc_row][vc_row][vc_column width=&#8221;1\/2&#8243; css=&#8221;.vc_custom_1552002407360{padding-top: 32px !important;}&#8221;][vc_btn title=&#8221;Medios y Prensas&#8221; color=&#8221;success&#8221; size=&#8221;lg&#8221; align=&#8221;center&#8221; link=&#8221;url:http%3A%2F%2Fcaribewave.uprm.edu%2Findex.php%2Fpuerto-rico%2Fmedios%2F|||&#8221;][\/vc_column][vc_column width=&#8221;1\/2&#8243; css=&#8221;.vc_custom_1552515659041{padding-top: 32px !important;}&#8221;][vc_btn title=&#8221;Evaluaciones&#8221; color=&#8221;success&#8221; size=&#8221;lg&#8221; align=&#8221;center&#8221; link=&#8221;url:http%3A%2F%2Fcaribewave.uprm.edu%2Findex.php%2Fpuerto-rico%2Fevaluaciones%2F|||&#8221;][\/vc_column][\/vc_row]<\/p>\n<\/div>","protected":false},"excerpt":{"rendered":"<p>[vc_row][vc_column][vc_column_text] En esta secci\u00f3n encontrar\u00e1 toda la informaci\u00f3n disponible para el ejercicio de Caribe Wave para Puerto Rico. Navega las diferentes secciones y comparte la informaci\u00f3n con tus allegados. De necesitar alguna otra informaci\u00f3n, o encontrar que alg\u00fan enlace no funciona, por favor escribe a staff@prsnmail.uprm.edu. [\/vc_column_text][\/vc_column][\/vc_row][vc_row][vc_column width=&#8221;1\/3&#8243; css=&#8221;.vc_custom_1456802586892{padding-top: 32px !important;}&#8221;][vc_btn title=&#8221;Ejercicio CARIBE WAVE&#8221; color=&#8221;success&#8221;&hellip;<\/p>\n","protected":false},"author":1,"featured_media":0,"parent":0,"menu_order":0,"comment_status":"closed","ping_status":"closed","template":"","meta":{"footnotes":""},"class_list":["post-59","page","type-page","status-publish","hentry","description-off"],"_links":{"self":[{"href":"https:\/\/caribewave.uprm.edu\/index.php\/wp-json\/wp\/v2\/pages\/59","targetHints":{"allow":["GET"]}}],"collection":[{"href":"https:\/\/caribewave.uprm.edu\/index.php\/wp-json\/wp\/v2\/pages"}],"about":[{"href":"https:\/\/caribewave.uprm.edu\/index.php\/wp-json\/wp\/v2\/types\/page"}],"author":[{"embeddable":true,"href":"https:\/\/caribewave.uprm.edu\/index.php\/wp-json\/wp\/v2\/users\/1"}],"replies":[{"embeddable":true,"href":"https:\/\/caribewave.uprm.edu\/index.php\/wp-json\/wp\/v2\/comments?post=59"}],"version-history":[{"count":1,"href":"https:\/\/caribewave.uprm.edu\/index.php\/wp-json\/wp\/v2\/pages\/59\/revisions"}],"predecessor-version":[{"id":4547,"href":"https:\/\/caribewave.uprm.edu\/index.php\/wp-json\/wp\/v2\/pages\/59\/revisions\/4547"}],"wp:attachment":[{"href":"https:\/\/caribewave.uprm.edu\/index.php\/wp-json\/wp\/v2\/media?parent=59"}],"curies":[{"name":"wp","href":"https:\/\/api.w.org\/{rel}","templated":true}]}}