{"id":63,"date":"2016-02-19T16:47:43","date_gmt":"2016-02-19T20:47:43","guid":{"rendered":"http:\/\/wordpress.uprm.edu\/caribewave\/?page_id=63"},"modified":"2026-03-04T00:03:22","modified_gmt":"2026-03-04T00:03:22","slug":"evaluaciones","status":"publish","type":"page","link":"https:\/\/caribewave.uprm.edu\/index.php\/puerto-rico\/evaluaciones\/","title":{"rendered":"Evaluaciones"},"content":{"rendered":"<div class=\"wpb-content-wrapper\"><p>[vc_row][vc_column]<div class=\"dt-fancy-separator h2-size title-color accent-border-color\" style=\"width: 100%;\"><div class=\"dt-fancy-title\"><span class=\"separator-holder separator-left\"><\/span>Evaluaciones del Ejercicio de Comunicaciones CW2026<span class=\"separator-holder separator-right\"><\/span><\/div><\/div><div class=\"dt-fancy-separator h2-size style-dashed title-color accent-border-color\" style=\"width: 100%;\"><div class=\"dt-fancy-title\"><span class=\"separator-holder separator-left\"><\/span>Escenario Volc\u00e1n Kick&#039;em Jenny<span class=\"separator-holder separator-right\"><\/span><\/div><\/div>[\/vc_column][\/vc_row][vc_row margin_top=&#8221;50&#8243;][vc_column width=&#8221;1\/2&#8243;][vc_empty_space][vc_single_image image=&#8221;5291&#8243; img_size=&#8221;medium&#8221; alignment=&#8221;center&#8221; onclick=&#8221;custom_link&#8221; link=&#8221;http:\/\/caribewave.uprm.edu\/wp-content\/uploads\/2026\/03\/Evaluacion_Comunicaciones_CARIBEWAVE_2026_control_estatal_nmead-1.pdf&#8221;][vc_column_text css=&#8221;.vc_custom_1741387131069{padding-top: 12px !important;}&#8221;]<\/p>\n<p style=\"text-align: justify;\">Para descargar la tabla de evaluaci\u00f3n de respuesta para uso de los observadores en\u00a0<strong>Control Estatal de NEMEAD<\/strong> presione la imagen.<\/p>\n<p>[\/vc_column_text][\/vc_column][vc_column width=&#8221;1\/2&#8243;][vc_empty_space][vc_single_image image=&#8221;5294&#8243; img_size=&#8221;medium&#8221; alignment=&#8221;center&#8221; onclick=&#8221;custom_link&#8221; link=&#8221;http:\/\/caribewave.uprm.edu\/wp-content\/uploads\/2026\/03\/Evaluacion_Comunicaciones_CARIBEWAVE_2026_ommes_y_zonas_nmead_y_TWFP-1.pdf&#8221;][vc_column_text css=&#8221;.vc_custom_1741387123292{padding-top: 12px !important;}&#8221;]Para descargar la tabla de evaluaci\u00f3n de respuesta para uso de los observadores en <b>Zonas de NMEAD, OMME&#8217;s y Puntos Focales de Alerta de Tsunami (TWFP)<\/b>\u00a0presione la imagen.[\/vc_column_text][vc_empty_space][\/vc_column][\/vc_row][vc_row margin_top=&#8221;50&#8243;][vc_column width=&#8221;1\/2&#8243;][vc_single_image image=&#8221;5297&#8243; img_size=&#8221;medium&#8221; alignment=&#8221;center&#8221; onclick=&#8221;custom_link&#8221; link=&#8221;http:\/\/caribewave.uprm.edu\/wp-content\/uploads\/2026\/03\/Evaluacion_Comunicaciones_CARIBEWAVE_2026_otras_agencias_emergencia.pdf&#8221;][vc_column_text css=&#8221;.vc_custom_1741387240972{padding-top: 12px !important;}&#8221;]<\/p>\n<p style=\"text-align: justify;\">Para descargar la tabla de evaluaci\u00f3n de respuesta para uso de los observadores en <strong>Otras Agencias Estatales, Federales y Privadas<\/strong><b>\u00a0<\/b>presione la imagen.<\/p>\n<p>[\/vc_column_text][vc_empty_space][\/vc_column][vc_column width=&#8221;1\/2&#8243;][vc_single_image image=&#8221;5300&#8243; img_size=&#8221;medium&#8221; alignment=&#8221;center&#8221; onclick=&#8221;custom_link&#8221; link=&#8221;http:\/\/caribewave.uprm.edu\/wp-content\/uploads\/2026\/03\/Evaluacion_Comunicaciones_CARIBEWAVE_2026_participantes_general.pdf&#8221;][vc_column_text css=&#8221;.vc_custom_1741387233834{padding-top: 12px !important;}&#8221;]Para descargar la tabla de evaluaci\u00f3n de respuesta para uso de\u00a0<strong>Participantes P\u00fablico General<\/strong>\u00a0presione la imagen.[\/vc_column_text][vc_empty_space][\/vc_column][\/vc_row][vc_row][vc_column][vc_column_text]<\/p>\n<h3>Evaluaciones Electr\u00f3nicas:<\/h3>\n<p>Las evaluaciones eletr\u00f3nicas para participantes generales y otras agencias se encuentran <a href=\"https:\/\/caribewave.uprm.edu\/evaluaciones\">aqu\u00ed<\/a>.<\/p>\n<p style=\"text-align: justify;\">Las evaluaciones electr\u00f3nicas de:<\/p>\n<ul style=\"text-align: justify;\">\n<li><strong>Control Estatal de NMEAD (antes AEMEAD)<\/strong><\/li>\n<li><strong>Zonas de NMEAD, OMME\u2019s y Puntos Focales de Alerta de Tsunami (TWFP) <\/strong><\/li>\n<\/ul>\n<p style=\"text-align: justify;\">Deben completarse en el enlace provisto en el mensaje de correo electr\u00f3nico por la Red S\u00edsmica de Puerto Rico a estas agencias. \u00a0Igualmente deben enviarlas por email o fax a la RSPR.<\/p>\n<p style=\"text-align: justify;\">Entregarlas en o antes del 31 de marzo de 2026.<\/p>\n<p>[\/vc_column_text][\/vc_column][\/vc_row][vc_row][vc_column]<div class=\"dt-fancy-separator h2-size title-color accent-border-color\" style=\"width: 100%;\"><div class=\"dt-fancy-title\"><span class=\"separator-holder separator-left\"><\/span>Evaluaciones para Radio Aficionados<span class=\"separator-holder separator-right\"><\/span><\/div><\/div>[vc_row_inner][vc_column_inner][vc_column_text]En Puerto Rico se utilizan distintos servicios de radios: <strong>ARS , GMRS, FRS, MURS y CBRS.<\/strong> El ARS es el &#8220;<strong><em>Amateur Radio Service<\/em><\/strong>&#8220;, comunmente conocido en Puerto Rico como radioaficionado o &#8220;KP4&#8221;.\u00a0 En este servicio t\u00edpicamente se utilizan las bandas de 2 metros y 70 cent\u00edmetros (VHF y UHF) tanto en Simplex como por repetidores.\u00a0 GMRS es el &#8220;<strong><em>General Mobile Radio Service<\/em><\/strong>&#8220;, que junto al FRS o &#8220;<strong><em>Family Radio Service<\/em><\/strong>&#8220;, poseen 22 canales en UHF para comunicaciones a corta distancia o por repetidores (GMRS canales 15 al 22).\u00a0 MURS es el &#8220;<em><strong>Multi-Use Radio Service<\/strong><\/em>&#8221; que consiste de 5 canales VHF y el CBRS es el &#8220;<strong><em>Citizens Band Radio Service<\/em><\/strong>&#8221; o mejor conocido como CB u 11 metros que consiste de 40 canales HF.[\/vc_column_text][\/vc_column_inner][\/vc_row_inner][\/vc_column][\/vc_row][vc_row margin_top=&#8221;50&#8243;][vc_column width=&#8221;1\/2&#8243;][vc_column_text css=&#8221;.vc_custom_1679081824418{padding-top: 12px !important;}&#8221;]<\/p>\n<p style=\"text-align: justify;\">Para descargar la tabla de evaluaci\u00f3n de respuesta para uso de los\u00a0<strong>radio aficionados<\/strong>\u00a0presione la imagen.<\/p>\n<p>[\/vc_column_text][vc_single_image image=&#8221;5304&#8243; img_size=&#8221;medium&#8221; alignment=&#8221;center&#8221; onclick=&#8221;custom_link&#8221; link=&#8221;http:\/\/caribewave.uprm.edu\/wp-content\/uploads\/2026\/03\/CARIBEWAVE-2026_Tabla_RadioAficionados.pdf&#8221;][\/vc_column][vc_column width=&#8221;1\/2&#8243;][vc_column_text]Al completar esta evaluaci\u00f3n electr\u00f3nica nos ayudas a mejorar futuros ejercicios.\u00a0 Puede completar esta evaluaci\u00f3n indicando los servicios de radio que utiliz\u00f3 para recibir los mensajes del ejercicio CARIBE WAVE 2026.\u00a0 Los distintos servicios de radio son <strong>ARS, GMRS, FRS, MURS y CBRS.<\/strong><\/p>\n<p>Sea cual sea el servicio que haya utilizado para el Ejercicio CARIBE WAVE 2026, esta evaluaci\u00f3n nos permitir\u00e1 recibir su informaci\u00f3n.\u00a0 S\u00f3lo llene las secciones que le apliquen.\u00a0 Si particip\u00f3 de un solo servicio, llene la informaci\u00f3n pertinente y puede continuar pasando las secciones hasta llegar a la secci\u00f3n de comentarios y\/o sugerencias, en donde agradeceremos mucho su opini\u00f3n.<\/p>\n<p>&nbsp;<\/p>\n<p><strong>Para completar la evaluaci\u00f3n electr\u00f3nica de RADIOAFICIONADOS presione <a href=\"https:\/\/docs.google.com\/forms\/d\/e\/1FAIpQLScopvAMXoHdB67ic1A9uPI-mErUs5rhpciLwop4HqZ28QBUAA\/viewform\">aqu\u00ed.<\/a><\/strong><\/p>\n<p>&nbsp;<\/p>\n<p>Para m\u00e1s informaci\u00f3n, puede comunicarse con el Dr. Alberto L\u00f3pez-Venegas al correo electr\u00f3nico: alberto.lopez3@upr.edu.[\/vc_column_text][vc_empty_space][vc_empty_space][\/vc_column][\/vc_row][vc_row][vc_column]<div class=\"hr-thin style-dotted\" style=\"width: 100%;border-top-width: 1px;\"><\/div><div class=\"dt-fancy-separator h2-size title-color accent-border-color\" style=\"width: 100%;\"><div class=\"dt-fancy-title\"><span class=\"separator-holder separator-left\"><\/span>Evaluaciones de Desalojo (escuelas y otras agencias)<span class=\"separator-holder separator-right\"><\/span><\/div><\/div>[\/vc_column][\/vc_row][vc_row margin_top=&#8221;50&#8243;][vc_column width=&#8221;1\/2&#8243;][vc_column_text]<\/p>\n<h2><\/h2>\n<h2 style=\"text-align: left;\"><strong>Desalojo de zona NO costera<\/strong><\/h2>\n<p>[\/vc_column_text][vc_column_text]Instrumento de\u00a0<strong>Evaluaci\u00f3n de Desalojos durante el Ejercicio CARIBE WAVE<\/strong>\u00a0para escuelas ubicadas en \u00e1reas\u00a0<strong>NO COSTERAS*<\/strong>. La evaluaci\u00f3n pretende que tanto el personal de la escuela como los profesionales en el \u00e1rea, puedan ver la efectividad del ejercicio al cumplir con su Plan Escolar Multirriesgo, para un evento espec\u00edfico de terremoto que pudiera tener asociado, adem\u00e1s, un aviso de tsunami para Puerto Rico e Islas V\u00edrgenes. Se espera que, mediante la pr\u00e1ctica, se puedan identificar las \u00e1reas que deben fortalecerse en el plan o en el plantel escolar en general, para asegurar una mejor respuesta el d\u00eda que se enfrenten a una emergencia real de este tipo.<\/p>\n<p>*<strong>\u00a0\u00e1reas NO costeras<\/strong>\u00a0son aquellas fuera del \u00e1rea de desalojo por tsunami (ver mapa de cada municipio costero) o aquellos municipios del centro de la Isla Grande.<\/p>\n<p><strong>**Esta evaluaci\u00f3n puede ser utilizada por otras agencias o instituciones.<\/strong><\/p>\n<p>Descarga la evaluaci\u00f3n presionando sobre la imagen.[\/vc_column_text][\/vc_column][vc_column width=&#8221;1\/2&#8243;][vc_column_text]<\/p>\n<h2><\/h2>\n<h2 style=\"text-align: right;\"><strong>Desalojo de zona costera<\/strong><\/h2>\n<p>[\/vc_column_text][vc_column_text]Instrumento de\u00a0<strong>Evaluaci\u00f3n de Desalojos durante el Ejercicio CARIBE WAVE<\/strong>\u00a0para escuelas ubicadas en \u00e1reas\u00a0<strong>COSTERAS*<\/strong>. La evaluaci\u00f3n pretende que tanto el personal de la\u00a0<strong>escuela<\/strong>\u00a0como los profesionales en el \u00e1rea, puedan ver la efectividad del ejercicio al cumplir con su Plan Escolar Multirriesgo, para un evento espec\u00edfico de terremoto que pudiera tener asociado, adem\u00e1s, un aviso de tsunami para Puerto Rico e Islas V\u00edrgenes. Se espera que, mediante la pr\u00e1ctica, se puedan identificar las \u00e1reas que deben fortalecerse en el plan o en el plantel escolar en general, para asegurar una mejor respuesta el d\u00eda que se enfrente a una emergencia real de este tipo.<\/p>\n<p>*\u00a0<strong>\u00e1reas costeras<\/strong>\u00a0son aquellas dentro del \u00e1rea de desalojo por tsunami (ver mapa de cada municipio costero).<\/p>\n<p><strong>**Esta evaluaci\u00f3n puede ser utilizada por otras agencias o instituciones.<\/strong><\/p>\n<p>Descarga la evaluaci\u00f3n presionando sobre la imagen.[\/vc_column_text][\/vc_column][\/vc_row][vc_row margin_top=&#8221;50&#8243;][vc_column width=&#8221;1\/2&#8243;][vc_single_image image=&#8221;4917&#8243; img_size=&#8221;medium&#8221; alignment=&#8221;center&#8221; onclick=&#8221;custom_link&#8221; link=&#8221;http:\/\/caribewave.uprm.edu\/wp-content\/uploads\/2025\/03\/CW-2.-Evaluacion_simulacro_desalojo_solo_terremoto_2025.pdf&#8221;][\/vc_column][vc_column width=&#8221;1\/2&#8243;][vc_single_image image=&#8221;4915&#8243; img_size=&#8221;medium&#8221; alignment=&#8221;center&#8221; onclick=&#8221;custom_link&#8221; link=&#8221;http:\/\/caribewave.uprm.edu\/wp-content\/uploads\/2025\/03\/CW-1.-Evaluacion_simulacro_desalojo_areas_costera_terremoto_y_tsunami_2023-1.pdf&#8221;][\/vc_column][\/vc_row][vc_row][vc_column]<div class=\"dt-fancy-separator h2-size title-color accent-border-color\" style=\"width: 100%;\"><div class=\"dt-fancy-title\"><span class=\"separator-holder separator-left\"><\/span>Evaluaciones de Desalojo (hoteles y hospeder\u00edas)<span class=\"separator-holder separator-right\"><\/span><\/div><\/div>[\/vc_column][\/vc_row][vc_row margin_top=&#8221;50&#8243;][vc_column width=&#8221;1\/2&#8243;][vc_column_text]<\/p>\n<h2><\/h2>\n<h2 style=\"text-align: left;\"><strong>Desalojo hoteles (zona NO costera)<\/strong><\/h2>\n<p>[\/vc_column_text][vc_column_text]<strong>Instrumento de evaluaci\u00f3n de desalojos durante el Ejercicio CARIBE WAVE para hospeder\u00edas <\/strong><strong>ubicadas en \u00e1reas NO costeras<\/strong><\/p>\n<p>Este instrumento de evaluaci\u00f3n tiene como objetivo permitir que tanto el personal como los administradores de la hospeder\u00eda puedan evaluar la efectividad del ejercicio en su Plan de Emergencia. Este ejercicio est\u00e1 enfocado en un terremoto que podr\u00eda estar acompa\u00f1ado de una alerta de tsunami para Puerto Rico e Islas V\u00edrgenes. Se espera que, a trav\u00e9s de la pr\u00e1ctica, identifiquen \u00e1reas que requieran fortalecimiento, ya sea en el plan de emergencia o en las instalaciones en general, para<br \/>\ngarantizar una mejor respuesta en caso de una emergencia real de este tipo.<\/p>\n<p>*Las \u00e1reas NO costeras son aquellas que est\u00e1n fuera de la zona de desalojo por tsunami (ver el mapa correspondiente de cada municipio costero) o corresponden a municipios ubicados en el centro de la isla.<\/p>\n<p style=\"text-align: left;\">Descarga la evaluaci\u00f3n presionando sobre la imagen.<\/p>\n<p>[\/vc_column_text][\/vc_column][vc_column width=&#8221;1\/2&#8243;][vc_column_text]<\/p>\n<h2><\/h2>\n<h2 style=\"text-align: right;\"><strong>Desalojo hoteles (zona costera)<\/strong><\/h2>\n<p>[\/vc_column_text][vc_column_text]<strong>Instrumento de evaluaci\u00f3n de desalojos durante el Ejercicio CARIBE WAVE para hospeder\u00edas ubicadas en \u00e1reas costeras<\/strong><br \/>\nEste instrumento de evaluaci\u00f3n tiene como objetivo permitir que tanto el personal como los administradores de la hospeder\u00eda puedan evaluar la efectividad del ejercicio en su Plan de Emergencia. Este ejercicio est\u00e1 enfocado en un terremoto que podr\u00eda estar acompa\u00f1ado de una alerta de tsunami para Puerto Rico e Islas V\u00edrgenes. Se espera que, a trav\u00e9s de la pr\u00e1ctica, identifiquen \u00e1reas que requieran fortalecimiento, ya sea en el plan de emergencia o en las instalaciones en general, para<br \/>\ngarantizar una mejor respuesta en caso de una emergencia real de este tipo.<\/p>\n<p>*Las <strong>\u00e1reas costeras<\/strong> son aquellas incluidas dentro de la zona de desalojo por tsunami (ver el mapa correspondiente<br \/>\nde cada municipio costero).<\/p>\n<p>Descarga la evaluaci\u00f3n presionando sobre la imagen.[\/vc_column_text][\/vc_column][\/vc_row][vc_row margin_top=&#8221;50&#8243;][vc_column width=&#8221;1\/2&#8243;][vc_single_image image=&#8221;4920&#8243; img_size=&#8221;medium&#8221; alignment=&#8221;center&#8221; onclick=&#8221;custom_link&#8221; link=&#8221;http:\/\/caribewave.uprm.edu\/wp-content\/uploads\/2025\/03\/CW-Evaluacion_hoteles-NO-costera-docx.pdf&#8221;][\/vc_column][vc_column width=&#8221;1\/2&#8243;][vc_single_image image=&#8221;4923&#8243; img_size=&#8221;medium&#8221; alignment=&#8221;center&#8221; onclick=&#8221;custom_link&#8221; link=&#8221;http:\/\/caribewave.uprm.edu\/wp-content\/uploads\/2025\/03\/CW-Evaluacion_hoteles-en-costa-docx.pdf&#8221;][\/vc_column][\/vc_row][vc_row][vc_column]<div class=\"dt-fancy-separator h2-size title-color accent-border-color\" style=\"width: 100%;\"><div class=\"dt-fancy-title\"><span class=\"separator-holder separator-left\"><\/span>Evaluaci\u00f3n Oficial Final del Ejercicio<span class=\"separator-holder separator-right\"><\/span><\/div><\/div>[\/vc_column][\/vc_row][vc_row margin_top=&#8221;32&#8243;][vc_column][vc_column_text]Esta evaluaci\u00f3n final debe ser completada por los funcionarios oficiales Tsunami National Contact o Tsunami Warning Focal Point de los pa\u00edses o territorios miembros del UNESCO ICG CARIBE EWS a m\u00e1s tardar el 3 de abril de 2026.<\/p>\n<p><span style=\"font-weight: 400;\">Para acceder a esa evaluaci\u00f3n, haga clic<\/span>\u00a0<a href=\"https:\/\/www.surveymonkey.com\/r\/CW25\"><b>aqu\u00ed<\/b><\/a><span style=\"font-weight: 400;\">.<\/span>[\/vc_column_text][\/vc_column][\/vc_row]<\/p>\n<\/div>","protected":false},"excerpt":{"rendered":"<p>[vc_row][vc_column][\/vc_column][\/vc_row][vc_row margin_top=&#8221;50&#8243;][vc_column width=&#8221;1\/2&#8243;][vc_empty_space][vc_single_image image=&#8221;5291&#8243; img_size=&#8221;medium&#8221; alignment=&#8221;center&#8221; onclick=&#8221;custom_link&#8221; link=&#8221;http:\/\/caribewave.uprm.edu\/wp-content\/uploads\/2026\/03\/Evaluacion_Comunicaciones_CARIBEWAVE_2026_control_estatal_nmead-1.pdf&#8221;][vc_column_text css=&#8221;.vc_custom_1741387131069{padding-top: 12px !important;}&#8221;] Para descargar la tabla de evaluaci\u00f3n de respuesta para uso de los observadores en\u00a0Control Estatal de NEMEAD presione la imagen. [\/vc_column_text][\/vc_column][vc_column width=&#8221;1\/2&#8243;][vc_empty_space][vc_single_image image=&#8221;5294&#8243; img_size=&#8221;medium&#8221; alignment=&#8221;center&#8221; onclick=&#8221;custom_link&#8221; link=&#8221;http:\/\/caribewave.uprm.edu\/wp-content\/uploads\/2026\/03\/Evaluacion_Comunicaciones_CARIBEWAVE_2026_ommes_y_zonas_nmead_y_TWFP-1.pdf&#8221;][vc_column_text css=&#8221;.vc_custom_1741387123292{padding-top: 12px !important;}&#8221;]Para descargar la tabla de evaluaci\u00f3n de respuesta para uso de los observadores en Zonas&hellip;<\/p>\n","protected":false},"author":1,"featured_media":0,"parent":59,"menu_order":10,"comment_status":"closed","ping_status":"closed","template":"","meta":{"footnotes":""},"class_list":["post-63","page","type-page","status-publish","hentry","description-off"],"_links":{"self":[{"href":"https:\/\/caribewave.uprm.edu\/index.php\/wp-json\/wp\/v2\/pages\/63","targetHints":{"allow":["GET"]}}],"collection":[{"href":"https:\/\/caribewave.uprm.edu\/index.php\/wp-json\/wp\/v2\/pages"}],"about":[{"href":"https:\/\/caribewave.uprm.edu\/index.php\/wp-json\/wp\/v2\/types\/page"}],"author":[{"embeddable":true,"href":"https:\/\/caribewave.uprm.edu\/index.php\/wp-json\/wp\/v2\/users\/1"}],"replies":[{"embeddable":true,"href":"https:\/\/caribewave.uprm.edu\/index.php\/wp-json\/wp\/v2\/comments?post=63"}],"version-history":[{"count":71,"href":"https:\/\/caribewave.uprm.edu\/index.php\/wp-json\/wp\/v2\/pages\/63\/revisions"}],"predecessor-version":[{"id":5311,"href":"https:\/\/caribewave.uprm.edu\/index.php\/wp-json\/wp\/v2\/pages\/63\/revisions\/5311"}],"up":[{"embeddable":true,"href":"https:\/\/caribewave.uprm.edu\/index.php\/wp-json\/wp\/v2\/pages\/59"}],"wp:attachment":[{"href":"https:\/\/caribewave.uprm.edu\/index.php\/wp-json\/wp\/v2\/media?parent=63"}],"curies":[{"name":"wp","href":"https:\/\/api.w.org\/{rel}","templated":true}]}}